{"id":5704,"date":"2026-03-21T15:47:29","date_gmt":"2026-03-21T13:47:29","guid":{"rendered":"https:\/\/mainosmerkki.fi\/suomenmoottoriliitto\/?post_type=product&#038;p=5704"},"modified":"2026-03-23T12:49:52","modified_gmt":"2026-03-23T10:49:52","slug":"snapback-lippis","status":"publish","type":"product","link":"https:\/\/mainosmerkki.fi\/suomenmoottoriliitto\/tuote\/snapback-lippis\/","title":{"rendered":"Snapback Lippis"},"content":{"rendered":"<ul>\n<li><strong>Suoralippa<\/strong><\/li>\n<li><strong>Materiaalit:<\/strong>\u00a0<span dir=\"auto\">100 % puuvillatwilli\u00e4<\/span><\/li>\n<li><strong>V\u00e4ri:<\/strong> Navy Blue<\/li>\n<li><strong>Koot:<\/strong> Snapback-muovis\u00e4\u00e4t\u00f6<\/li>\n<\/ul>\n","protected":false},"excerpt":{"rendered":"<p><img decoding=\"async\" class=\"alignnone  wp-image-5708\" src=\"https:\/\/mainosmerkki.fi\/suomenmoottoriliitto\/wp-content\/uploads\/sites\/30\/2026\/03\/lippis_logo-300x70.jpg\" alt=\"\" width=\"137\" height=\"32\" srcset=\"https:\/\/mainosmerkki.fi\/suomenmoottoriliitto\/wp-content\/uploads\/sites\/30\/2026\/03\/lippis_logo-300x70.jpg 300w, https:\/\/mainosmerkki.fi\/suomenmoottoriliitto\/wp-content\/uploads\/sites\/30\/2026\/03\/lippis_logo-768x180.jpg 768w, https:\/\/mainosmerkki.fi\/suomenmoottoriliitto\/wp-content\/uploads\/sites\/30\/2026\/03\/lippis_logo-600x140.jpg 600w, https:\/\/mainosmerkki.fi\/suomenmoottoriliitto\/wp-content\/uploads\/sites\/30\/2026\/03\/lippis_logo.jpg 851w\" sizes=\"(max-width: 137px) 100vw, 137px\" \/><\/p>\n","protected":false},"featured_media":5737,"template":"","meta":{"site-sidebar-layout":"no-sidebar","site-content-layout":"boxed-container","ast-site-content-layout":"normal-width-container","site-content-style":"boxed","site-sidebar-style":"boxed","ast-global-header-display":"","ast-banner-title-visibility":"","ast-main-header-display":"","ast-hfb-above-header-display":"","ast-hfb-below-header-display":"","ast-hfb-mobile-header-display":"","site-post-title":"","ast-breadcrumbs-content":"","ast-featured-img":"","footer-sml-layout":"","ast-disable-related-posts":"","theme-transparent-header-meta":"disabled","adv-header-id-meta":"","stick-header-meta":"default","header-above-stick-meta":"","header-main-stick-meta":"","header-below-stick-meta":"","astra-migrate-meta-layouts":"set","ast-page-background-enabled":"default","ast-page-background-meta":{"desktop":{"background-color":"","background-image":"","background-repeat":"repeat","background-position":"center center","background-size":"auto","background-attachment":"scroll","background-type":"","background-media":"","overlay-type":"","overlay-color":"","overlay-opacity":"","overlay-gradient":""},"tablet":{"background-color":"","background-image":"","background-repeat":"repeat","background-position":"center center","background-size":"auto","background-attachment":"scroll","background-type":"","background-media":"","overlay-type":"","overlay-color":"","overlay-opacity":"","overlay-gradient":""},"mobile":{"background-color":"","background-image":"","background-repeat":"repeat","background-position":"center center","background-size":"auto","background-attachment":"scroll","background-type":"","background-media":"","overlay-type":"","overlay-color":"","overlay-opacity":"","overlay-gradient":""}},"ast-content-background-meta":{"desktop":{"background-color":"var(--ast-global-color-5)","background-image":"","background-repeat":"repeat","background-position":"center center","background-size":"auto","background-attachment":"scroll","background-type":"","background-media":"","overlay-type":"","overlay-color":"","overlay-opacity":"","overlay-gradient":""},"tablet":{"background-color":"var(--ast-global-color-5)","background-image":"","background-repeat":"repeat","background-position":"center center","background-size":"auto","background-attachment":"scroll","background-type":"","background-media":"","overlay-type":"","overlay-color":"","overlay-opacity":"","overlay-gradient":""},"mobile":{"background-color":"var(--ast-global-color-5)","background-image":"","background-repeat":"repeat","background-position":"center center","background-size":"auto","background-attachment":"scroll","background-type":"","background-media":"","overlay-type":"","overlay-color":"","overlay-opacity":"","overlay-gradient":""}}},"product_brand":[304],"product_cat":[298],"product_tag":[95,294],"class_list":{"0":"post-5704","1":"product","2":"type-product","3":"status-publish","4":"has-post-thumbnail","6":"product_brand-beechfield","7":"product_cat-supermoto-of-nation-team-finland","8":"product_tag-lippis","9":"product_tag-suoralippa","10":"product_shipping_class-ilmainen-toimitus","11":"desktop-align-left","12":"tablet-align-left","13":"mobile-align-left","14":"ast-product-gallery-layout-horizontal","15":"ast-product-gallery-with-no-image","16":"ast-product-tabs-layout-horizontal","18":"first","19":"instock","20":"featured","21":"taxable","22":"shipping-taxable","23":"purchasable","24":"product-type-simple"},"_links":{"self":[{"href":"https:\/\/mainosmerkki.fi\/suomenmoottoriliitto\/wp-json\/wp\/v2\/product\/5704","targetHints":{"allow":["GET"]}}],"collection":[{"href":"https:\/\/mainosmerkki.fi\/suomenmoottoriliitto\/wp-json\/wp\/v2\/product"}],"about":[{"href":"https:\/\/mainosmerkki.fi\/suomenmoottoriliitto\/wp-json\/wp\/v2\/types\/product"}],"wp:featuredmedia":[{"embeddable":true,"href":"https:\/\/mainosmerkki.fi\/suomenmoottoriliitto\/wp-json\/wp\/v2\/media\/5737"}],"wp:attachment":[{"href":"https:\/\/mainosmerkki.fi\/suomenmoottoriliitto\/wp-json\/wp\/v2\/media?parent=5704"}],"wp:term":[{"taxonomy":"product_brand","embeddable":true,"href":"https:\/\/mainosmerkki.fi\/suomenmoottoriliitto\/wp-json\/wp\/v2\/product_brand?post=5704"},{"taxonomy":"product_cat","embeddable":true,"href":"https:\/\/mainosmerkki.fi\/suomenmoottoriliitto\/wp-json\/wp\/v2\/product_cat?post=5704"},{"taxonomy":"product_tag","embeddable":true,"href":"https:\/\/mainosmerkki.fi\/suomenmoottoriliitto\/wp-json\/wp\/v2\/product_tag?post=5704"}],"curies":[{"name":"wp","href":"https:\/\/api.w.org\/{rel}","templated":true}]}}