{"id":5672,"date":"2026-03-21T12:26:42","date_gmt":"2026-03-21T10:26:42","guid":{"rendered":"https:\/\/mainosmerkki.fi\/suomenmoottoriliitto\/?post_type=product&#038;p=5672"},"modified":"2026-03-23T12:48:51","modified_gmt":"2026-03-23T10:48:51","slug":"huppari","status":"publish","type":"product","link":"https:\/\/mainosmerkki.fi\/suomenmoottoriliitto\/tuote\/huppari\/","title":{"rendered":"Huppari"},"content":{"rendered":"<div class=\"row mb-1\">\n<ul>\n<li><strong><span dir=\"auto\">Koostumus: <\/span><\/strong><span dir=\"auto\">70% puuvillaa, 25% polyesteri\u00e4, 5% viskoosia<\/span><\/li>\n<li><strong style=\"font-size: 16px\">V\u00e4ri:<\/strong><span style=\"font-size: 16px\"> Navy Blue<\/span><\/li>\n<li><strong style=\"font-size: 16px\"><span dir=\"auto\">Koko: <\/span><\/strong><span dir=\"auto\" style=\"font-size: 16px\">XS\u00a0<\/span><span dir=\"auto\" style=\"font-size: 16px\">&#8211; 4XL<\/span><\/li>\n<\/ul>\n<\/div>\n<div class=\"row mb-1\"><\/div>\n","protected":false},"excerpt":{"rendered":"<p>Rento huppari, jossa kengurutasku. Hupussa kiristysny\u00f6ri. T\u00e4ss\u00e4 mallissa on l\u00f6ys\u00e4 istuvuus.<\/p>\n<p><strong><img decoding=\"async\" class=\"alignnone wp-image-5688\" src=\"https:\/\/mainosmerkki.fi\/suomenmoottoriliitto\/wp-content\/uploads\/sites\/30\/2026\/03\/ID-logo-300x300.jpg\" alt=\"\" width=\"52\" height=\"52\" srcset=\"https:\/\/mainosmerkki.fi\/suomenmoottoriliitto\/wp-content\/uploads\/sites\/30\/2026\/03\/ID-logo-300x300.jpg 300w, https:\/\/mainosmerkki.fi\/suomenmoottoriliitto\/wp-content\/uploads\/sites\/30\/2026\/03\/ID-logo-150x150.jpg 150w, https:\/\/mainosmerkki.fi\/suomenmoottoriliitto\/wp-content\/uploads\/sites\/30\/2026\/03\/ID-logo-768x769.jpg 768w, https:\/\/mainosmerkki.fi\/suomenmoottoriliitto\/wp-content\/uploads\/sites\/30\/2026\/03\/ID-logo-600x601.jpg 600w, https:\/\/mainosmerkki.fi\/suomenmoottoriliitto\/wp-content\/uploads\/sites\/30\/2026\/03\/ID-logo-100x100.jpg 100w, https:\/\/mainosmerkki.fi\/suomenmoottoriliitto\/wp-content\/uploads\/sites\/30\/2026\/03\/ID-logo-50x50.jpg 50w, https:\/\/mainosmerkki.fi\/suomenmoottoriliitto\/wp-content\/uploads\/sites\/30\/2026\/03\/ID-logo.jpg 811w\" sizes=\"(max-width: 52px) 100vw, 52px\" \/><\/strong><\/p>\n","protected":false},"featured_media":5735,"template":"","meta":{"site-sidebar-layout":"no-sidebar","site-content-layout":"boxed-container","ast-site-content-layout":"normal-width-container","site-content-style":"boxed","site-sidebar-style":"boxed","ast-global-header-display":"","ast-banner-title-visibility":"","ast-main-header-display":"","ast-hfb-above-header-display":"","ast-hfb-below-header-display":"","ast-hfb-mobile-header-display":"","site-post-title":"","ast-breadcrumbs-content":"","ast-featured-img":"","footer-sml-layout":"","ast-disable-related-posts":"","theme-transparent-header-meta":"disabled","adv-header-id-meta":"","stick-header-meta":"default","header-above-stick-meta":"","header-main-stick-meta":"","header-below-stick-meta":"","astra-migrate-meta-layouts":"set","ast-page-background-enabled":"default","ast-page-background-meta":{"desktop":{"background-color":"","background-image":"","background-repeat":"repeat","background-position":"center center","background-size":"auto","background-attachment":"scroll","background-type":"","background-media":"","overlay-type":"","overlay-color":"","overlay-opacity":"","overlay-gradient":""},"tablet":{"background-color":"","background-image":"","background-repeat":"repeat","background-position":"center center","background-size":"auto","background-attachment":"scroll","background-type":"","background-media":"","overlay-type":"","overlay-color":"","overlay-opacity":"","overlay-gradient":""},"mobile":{"background-color":"","background-image":"","background-repeat":"repeat","background-position":"center center","background-size":"auto","background-attachment":"scroll","background-type":"","background-media":"","overlay-type":"","overlay-color":"","overlay-opacity":"","overlay-gradient":""}},"ast-content-background-meta":{"desktop":{"background-color":"var(--ast-global-color-5)","background-image":"","background-repeat":"repeat","background-position":"center center","background-size":"auto","background-attachment":"scroll","background-type":"","background-media":"","overlay-type":"","overlay-color":"","overlay-opacity":"","overlay-gradient":""},"tablet":{"background-color":"var(--ast-global-color-5)","background-image":"","background-repeat":"repeat","background-position":"center center","background-size":"auto","background-attachment":"scroll","background-type":"","background-media":"","overlay-type":"","overlay-color":"","overlay-opacity":"","overlay-gradient":""},"mobile":{"background-color":"var(--ast-global-color-5)","background-image":"","background-repeat":"repeat","background-position":"center center","background-size":"auto","background-attachment":"scroll","background-type":"","background-media":"","overlay-type":"","overlay-color":"","overlay-opacity":"","overlay-gradient":""}}},"product_brand":[303],"product_cat":[298],"product_tag":[73],"class_list":{"0":"post-5672","1":"product","2":"type-product","3":"status-publish","4":"has-post-thumbnail","6":"product_brand-id-t-time","7":"product_cat-supermoto-of-nation-team-finland","8":"product_tag-huppari","9":"product_shipping_class-ilmainen-toimitus","10":"desktop-align-left","11":"tablet-align-left","12":"mobile-align-left","13":"ast-product-gallery-layout-horizontal","14":"ast-product-gallery-with-no-image","15":"ast-product-single-variable","16":"ast-product-tabs-layout-horizontal","18":"first","19":"instock","20":"featured","21":"taxable","22":"shipping-taxable","23":"purchasable","24":"product-type-variable"},"_links":{"self":[{"href":"https:\/\/mainosmerkki.fi\/suomenmoottoriliitto\/wp-json\/wp\/v2\/product\/5672","targetHints":{"allow":["GET"]}}],"collection":[{"href":"https:\/\/mainosmerkki.fi\/suomenmoottoriliitto\/wp-json\/wp\/v2\/product"}],"about":[{"href":"https:\/\/mainosmerkki.fi\/suomenmoottoriliitto\/wp-json\/wp\/v2\/types\/product"}],"wp:featuredmedia":[{"embeddable":true,"href":"https:\/\/mainosmerkki.fi\/suomenmoottoriliitto\/wp-json\/wp\/v2\/media\/5735"}],"wp:attachment":[{"href":"https:\/\/mainosmerkki.fi\/suomenmoottoriliitto\/wp-json\/wp\/v2\/media?parent=5672"}],"wp:term":[{"taxonomy":"product_brand","embeddable":true,"href":"https:\/\/mainosmerkki.fi\/suomenmoottoriliitto\/wp-json\/wp\/v2\/product_brand?post=5672"},{"taxonomy":"product_cat","embeddable":true,"href":"https:\/\/mainosmerkki.fi\/suomenmoottoriliitto\/wp-json\/wp\/v2\/product_cat?post=5672"},{"taxonomy":"product_tag","embeddable":true,"href":"https:\/\/mainosmerkki.fi\/suomenmoottoriliitto\/wp-json\/wp\/v2\/product_tag?post=5672"}],"curies":[{"name":"wp","href":"https:\/\/api.w.org\/{rel}","templated":true}]}}