{"id":5670,"date":"2026-03-21T12:26:41","date_gmt":"2026-03-21T10:26:41","guid":{"rendered":"https:\/\/mainosmerkki.fi\/suomenmoottoriliitto\/?post_type=product&#038;p=5670"},"modified":"2026-03-24T12:36:25","modified_gmt":"2026-03-24T10:36:25","slug":"lasten-t-paita","status":"publish","type":"product","link":"https:\/\/mainosmerkki.fi\/suomenmoottoriliitto\/tuote\/lasten-t-paita\/","title":{"rendered":"Lasten T-paita"},"content":{"rendered":"<ul>\n<li><strong>Klassinen malli:<\/strong>\u00a0Tuote on suunniteltu lasten aktiiviseen arkeen ilman irtonaisia \u200b\u200bnaruja.<\/li>\n<li><strong>Kest\u00e4v\u00e4\u00e4n k\u00e4ytt\u00f6\u00f6n:<\/strong>\u00a0S\u00e4ilytt\u00e4\u00e4 istuvuuden ja muodon toistuvissa pesuissa.<\/li>\n<li><strong>V\u00e4ri:<\/strong> Navy Blue<\/li>\n<li><strong>Materiaalit:<\/strong>\u00a0<span dir=\"auto\">100 % puuvillaa<\/span><\/li>\n<li><strong>Koot:<\/strong> 4\/6, 8\/10, 12\/14<\/li>\n<\/ul>\n<p><img fetchpriority=\"high\" decoding=\"async\" class=\"alignnone wp-image-5742\" src=\"https:\/\/mainosmerkki.fi\/suomenmoottoriliitto\/wp-content\/uploads\/sites\/30\/2026\/03\/T-shirt_children-300x71.jpeg\" alt=\"\" width=\"650\" height=\"154\" srcset=\"https:\/\/mainosmerkki.fi\/suomenmoottoriliitto\/wp-content\/uploads\/sites\/30\/2026\/03\/T-shirt_children-300x71.jpeg 300w, https:\/\/mainosmerkki.fi\/suomenmoottoriliitto\/wp-content\/uploads\/sites\/30\/2026\/03\/T-shirt_children-768x183.jpeg 768w, https:\/\/mainosmerkki.fi\/suomenmoottoriliitto\/wp-content\/uploads\/sites\/30\/2026\/03\/T-shirt_children-600x143.jpeg 600w, https:\/\/mainosmerkki.fi\/suomenmoottoriliitto\/wp-content\/uploads\/sites\/30\/2026\/03\/T-shirt_children.jpeg 785w\" sizes=\"(max-width: 650px) 100vw, 650px\" \/><\/p>\n<p>&nbsp;<\/p>\n","protected":false},"excerpt":{"rendered":"<p>Laadukas ID Identity T-paita Suomen MM-Supermoto tiimin logolla. Mukava p\u00e4\u00e4ll\u00e4, s\u00e4ilytt\u00e4\u00e4 muodon pesusta toiseen ja on tyylik\u00e4s tapa n\u00e4ytt\u00e4\u00e4 tukesi joukkueelle.<\/p>\n<p><img decoding=\"async\" class=\"alignnone wp-image-5688\" src=\"https:\/\/mainosmerkki.fi\/suomenmoottoriliitto\/wp-content\/uploads\/sites\/30\/2026\/03\/ID-logo-300x300.jpg\" alt=\"\" width=\"45\" height=\"45\" srcset=\"https:\/\/mainosmerkki.fi\/suomenmoottoriliitto\/wp-content\/uploads\/sites\/30\/2026\/03\/ID-logo-300x300.jpg 300w, https:\/\/mainosmerkki.fi\/suomenmoottoriliitto\/wp-content\/uploads\/sites\/30\/2026\/03\/ID-logo-150x150.jpg 150w, https:\/\/mainosmerkki.fi\/suomenmoottoriliitto\/wp-content\/uploads\/sites\/30\/2026\/03\/ID-logo-768x769.jpg 768w, https:\/\/mainosmerkki.fi\/suomenmoottoriliitto\/wp-content\/uploads\/sites\/30\/2026\/03\/ID-logo-600x601.jpg 600w, https:\/\/mainosmerkki.fi\/suomenmoottoriliitto\/wp-content\/uploads\/sites\/30\/2026\/03\/ID-logo-100x100.jpg 100w, https:\/\/mainosmerkki.fi\/suomenmoottoriliitto\/wp-content\/uploads\/sites\/30\/2026\/03\/ID-logo-50x50.jpg 50w, https:\/\/mainosmerkki.fi\/suomenmoottoriliitto\/wp-content\/uploads\/sites\/30\/2026\/03\/ID-logo.jpg 811w\" sizes=\"(max-width: 45px) 100vw, 45px\" \/><\/p>\n","protected":false},"featured_media":5733,"template":"","meta":{"site-sidebar-layout":"no-sidebar","site-content-layout":"boxed-container","ast-site-content-layout":"normal-width-container","site-content-style":"boxed","site-sidebar-style":"boxed","ast-global-header-display":"","ast-banner-title-visibility":"","ast-main-header-display":"","ast-hfb-above-header-display":"","ast-hfb-below-header-display":"","ast-hfb-mobile-header-display":"","site-post-title":"","ast-breadcrumbs-content":"","ast-featured-img":"","footer-sml-layout":"","ast-disable-related-posts":"","theme-transparent-header-meta":"disabled","adv-header-id-meta":"","stick-header-meta":"default","header-above-stick-meta":"","header-main-stick-meta":"","header-below-stick-meta":"","astra-migrate-meta-layouts":"set","ast-page-background-enabled":"default","ast-page-background-meta":{"desktop":{"background-color":"","background-image":"","background-repeat":"repeat","background-position":"center center","background-size":"auto","background-attachment":"scroll","background-type":"","background-media":"","overlay-type":"","overlay-color":"","overlay-opacity":"","overlay-gradient":""},"tablet":{"background-color":"","background-image":"","background-repeat":"repeat","background-position":"center center","background-size":"auto","background-attachment":"scroll","background-type":"","background-media":"","overlay-type":"","overlay-color":"","overlay-opacity":"","overlay-gradient":""},"mobile":{"background-color":"","background-image":"","background-repeat":"repeat","background-position":"center center","background-size":"auto","background-attachment":"scroll","background-type":"","background-media":"","overlay-type":"","overlay-color":"","overlay-opacity":"","overlay-gradient":""}},"ast-content-background-meta":{"desktop":{"background-color":"var(--ast-global-color-5)","background-image":"","background-repeat":"repeat","background-position":"center center","background-size":"auto","background-attachment":"scroll","background-type":"","background-media":"","overlay-type":"","overlay-color":"","overlay-opacity":"","overlay-gradient":""},"tablet":{"background-color":"var(--ast-global-color-5)","background-image":"","background-repeat":"repeat","background-position":"center center","background-size":"auto","background-attachment":"scroll","background-type":"","background-media":"","overlay-type":"","overlay-color":"","overlay-opacity":"","overlay-gradient":""},"mobile":{"background-color":"var(--ast-global-color-5)","background-image":"","background-repeat":"repeat","background-position":"center center","background-size":"auto","background-attachment":"scroll","background-type":"","background-media":"","overlay-type":"","overlay-color":"","overlay-opacity":"","overlay-gradient":""}}},"product_brand":[303],"product_cat":[298],"product_tag":[302,232],"class_list":{"0":"post-5670","1":"product","2":"type-product","3":"status-publish","4":"has-post-thumbnail","6":"product_brand-id-t-time","7":"product_cat-supermoto-of-nation-team-finland","8":"product_tag-lapset","9":"product_tag-t-paita","10":"product_shipping_class-ilmainen-toimitus","11":"desktop-align-left","12":"tablet-align-left","13":"mobile-align-left","14":"ast-product-gallery-layout-horizontal","15":"ast-product-single-variable","16":"ast-product-tabs-layout-horizontal","18":"first","19":"instock","20":"featured","21":"taxable","22":"shipping-taxable","23":"purchasable","24":"product-type-variable"},"_links":{"self":[{"href":"https:\/\/mainosmerkki.fi\/suomenmoottoriliitto\/wp-json\/wp\/v2\/product\/5670","targetHints":{"allow":["GET"]}}],"collection":[{"href":"https:\/\/mainosmerkki.fi\/suomenmoottoriliitto\/wp-json\/wp\/v2\/product"}],"about":[{"href":"https:\/\/mainosmerkki.fi\/suomenmoottoriliitto\/wp-json\/wp\/v2\/types\/product"}],"wp:featuredmedia":[{"embeddable":true,"href":"https:\/\/mainosmerkki.fi\/suomenmoottoriliitto\/wp-json\/wp\/v2\/media\/5733"}],"wp:attachment":[{"href":"https:\/\/mainosmerkki.fi\/suomenmoottoriliitto\/wp-json\/wp\/v2\/media?parent=5670"}],"wp:term":[{"taxonomy":"product_brand","embeddable":true,"href":"https:\/\/mainosmerkki.fi\/suomenmoottoriliitto\/wp-json\/wp\/v2\/product_brand?post=5670"},{"taxonomy":"product_cat","embeddable":true,"href":"https:\/\/mainosmerkki.fi\/suomenmoottoriliitto\/wp-json\/wp\/v2\/product_cat?post=5670"},{"taxonomy":"product_tag","embeddable":true,"href":"https:\/\/mainosmerkki.fi\/suomenmoottoriliitto\/wp-json\/wp\/v2\/product_tag?post=5670"}],"curies":[{"name":"wp","href":"https:\/\/api.w.org\/{rel}","templated":true}]}}