{"id":7397,"date":"2023-08-10T09:31:05","date_gmt":"2023-08-10T06:31:05","guid":{"rendered":"https:\/\/mainosmerkki.fi\/rius\/?post_type=product&#038;p=7397"},"modified":"2025-08-04T12:06:28","modified_gmt":"2025-08-04T09:06:28","slug":"dmc-elite-rapylat-kandy-blue","status":"publish","type":"product","link":"https:\/\/mainosmerkki.fi\/rius\/tuote\/dmc-elite-rapylat-kandy-blue\/","title":{"rendered":"DMC Elite R\u00e4pyl\u00e4t, Kandy blue"},"content":{"rendered":"<p>DMC Elite Uimar\u00e4pyl\u00e4t on palkittu pehme\u00e4 silikonir\u00e4pyl\u00e4 Australialaista designia. DMC:n r\u00e4pyl\u00f6it\u00e4 k\u00e4ytt\u00e4\u00e4 mm. Australian olympiajoukkue. Lyhyet r\u00e4pyl\u00e4t sopivat ahkeraan treenik\u00e4ytt\u00f6\u00f6n niin noviiseille kuin ammattiuimareillekin. DMC R\u00e4pyl\u00e4 parantaa potkua v\u00e4sytt\u00e4m\u00e4tt\u00e4 jalkoja liikaa.<\/p>\n<p>Silikoninen r\u00e4pyl\u00e4 pysyy k\u00e4yt\u00f6ss\u00e4 pitk\u00e4\u00e4n hyv\u00e4n\u00e4 ja on eritt\u00e4in mukava jalassa. Silikoni ei haurastu kloorivedess\u00e4 kuten kumista valmistetuilla r\u00e4pyl\u00f6ill\u00e4 on tapana. Lis\u00e4ksi silikonir\u00e4pyl\u00e4t ovat painavemmat, eli ne auttavat my\u00f6s pit\u00e4m\u00e4\u00e4n jalat vedenpinnan alapuolella.<\/p>\n<p>Tekniset tiedot:<\/p>\n<ul>\n<li>Avokanta tarjoaa tasapuolisemman nilkan kulman ja istuu jalkaan paremmin.<\/li>\n<li>Oikea ja vasenjalka merkitty<\/li>\n<li>Luistonesto jalkapohjassa, jotta pit\u00e4\u00e4 paremmin my\u00f6s altaan reunalla<\/li>\n<\/ul>\n<p>Materiaali<\/p>\n<ul>\n<li>100 % silikoni<\/li>\n<li>Mukavaa ja pehme\u00e4\u00e4<\/li>\n<\/ul>\n","protected":false},"excerpt":{"rendered":"<p>&nbsp;<\/p>\n<p><strong>\u00a0<\/strong><\/p>\n","protected":false},"featured_media":7403,"template":"","meta":{"site-sidebar-layout":"no-sidebar","site-content-layout":"boxed-container","ast-site-content-layout":"default","site-content-style":"default","site-sidebar-style":"default","ast-global-header-display":"","ast-banner-title-visibility":"","ast-main-header-display":"","ast-hfb-above-header-display":"","ast-hfb-below-header-display":"","ast-hfb-mobile-header-display":"","site-post-title":"","ast-breadcrumbs-content":"","ast-featured-img":"","footer-sml-layout":"","ast-disable-related-posts":"","theme-transparent-header-meta":"disabled","adv-header-id-meta":"","stick-header-meta":"default","header-above-stick-meta":"","header-main-stick-meta":"","header-below-stick-meta":"","astra-migrate-meta-layouts":"default","ast-page-background-enabled":"default","ast-page-background-meta":{"desktop":{"background-color":"","background-image":"","background-repeat":"repeat","background-position":"center center","background-size":"auto","background-attachment":"scroll","background-type":"","background-media":"","overlay-type":"","overlay-color":"","overlay-opacity":"","overlay-gradient":""},"tablet":{"background-color":"","background-image":"","background-repeat":"repeat","background-position":"center center","background-size":"auto","background-attachment":"scroll","background-type":"","background-media":"","overlay-type":"","overlay-color":"","overlay-opacity":"","overlay-gradient":""},"mobile":{"background-color":"","background-image":"","background-repeat":"repeat","background-position":"center center","background-size":"auto","background-attachment":"scroll","background-type":"","background-media":"","overlay-type":"","overlay-color":"","overlay-opacity":"","overlay-gradient":""}},"ast-content-background-meta":{"desktop":{"background-color":"var(--ast-global-color-5)","background-image":"","background-repeat":"repeat","background-position":"center center","background-size":"auto","background-attachment":"scroll","background-type":"","background-media":"","overlay-type":"","overlay-color":"","overlay-opacity":"","overlay-gradient":""},"tablet":{"background-color":"var(--ast-global-color-5)","background-image":"","background-repeat":"repeat","background-position":"center center","background-size":"auto","background-attachment":"scroll","background-type":"","background-media":"","overlay-type":"","overlay-color":"","overlay-opacity":"","overlay-gradient":""},"mobile":{"background-color":"var(--ast-global-color-5)","background-image":"","background-repeat":"repeat","background-position":"center center","background-size":"auto","background-attachment":"scroll","background-type":"","background-media":"","overlay-type":"","overlay-color":"","overlay-opacity":"","overlay-gradient":""}}},"product_brand":[],"product_cat":[249],"product_tag":[362,363,361,346],"class_list":{"0":"post-7397","1":"product","2":"type-product","3":"status-publish","4":"has-post-thumbnail","6":"product_cat-muut-tarvikkeet","7":"product_tag-dmc","8":"product_tag-kantaremmi","9":"product_tag-rapylat","10":"product_tag-silikonirapyla","11":"desktop-align-left","12":"tablet-align-left","13":"mobile-align-left","14":"ast-product-gallery-layout-horizontal","15":"ast-product-single-variable","16":"ast-product-tabs-layout-horizontal","18":"first","19":"outofstock","20":"featured","21":"taxable","22":"shipping-taxable","23":"purchasable","24":"product-type-variable"},"_links":{"self":[{"href":"https:\/\/mainosmerkki.fi\/rius\/wp-json\/wp\/v2\/product\/7397","targetHints":{"allow":["GET"]}}],"collection":[{"href":"https:\/\/mainosmerkki.fi\/rius\/wp-json\/wp\/v2\/product"}],"about":[{"href":"https:\/\/mainosmerkki.fi\/rius\/wp-json\/wp\/v2\/types\/product"}],"wp:featuredmedia":[{"embeddable":true,"href":"https:\/\/mainosmerkki.fi\/rius\/wp-json\/wp\/v2\/media\/7403"}],"wp:attachment":[{"href":"https:\/\/mainosmerkki.fi\/rius\/wp-json\/wp\/v2\/media?parent=7397"}],"wp:term":[{"taxonomy":"product_brand","embeddable":true,"href":"https:\/\/mainosmerkki.fi\/rius\/wp-json\/wp\/v2\/product_brand?post=7397"},{"taxonomy":"product_cat","embeddable":true,"href":"https:\/\/mainosmerkki.fi\/rius\/wp-json\/wp\/v2\/product_cat?post=7397"},{"taxonomy":"product_tag","embeddable":true,"href":"https:\/\/mainosmerkki.fi\/rius\/wp-json\/wp\/v2\/product_tag?post=7397"}],"curies":[{"name":"wp","href":"https:\/\/api.w.org\/{rel}","templated":true}]}}