{"id":7288,"date":"2023-01-02T13:45:53","date_gmt":"2023-01-02T11:45:53","guid":{"rendered":"https:\/\/mainosmerkki.fi\/rius\/?post_type=product&#038;p=7288"},"modified":"2025-08-04T11:56:40","modified_gmt":"2025-08-04T08:56:40","slug":"dmc-original-rapylat","status":"publish","type":"product","link":"https:\/\/mainosmerkki.fi\/rius\/tuote\/dmc-original-rapylat\/","title":{"rendered":"DMC Original R\u00e4pyl\u00e4t"},"content":{"rendered":"<p>DMC Original on yksi maailman k\u00e4ytetyimmist\u00e4 r\u00e4pyl\u00f6ist\u00e4.\u00a0Valmistettu eritt\u00e4in pehme\u00e4st\u00e4 ja korkealaatuisesta\u00a0silikonista.\u00a0DMC R\u00e4pyl\u00e4t sopivat niin noviisien kuin ammattiuimareidenkin k\u00e4ytt\u00f6\u00f6n. Lyhyt lapa sopii aktiiviseen k\u00e4ytt\u00f6\u00f6n ja potkujen\u00a0harjoittelemiseen.\u00a0R\u00e4pyl\u00f6iss\u00e4\u00a0on kirkas, pysyv\u00e4 v\u00e4ri joka ei\u00a0liukene\u00a0altaaseen tai laiturille.<\/p>\n<p>Molemmille jaloille on suunniteltu oma r\u00e4pyl\u00e4 parhaan istuvuuden takaamiseksi. Liukuesteet pohjassa\u00a0helpottavat liikkumista altaan reunalla.<\/p>\n<ul>\n<li>V\u00e4ri: Vihre\u00e4\/harmaa<\/li>\n<\/ul>\n","protected":false},"excerpt":{"rendered":"<p>&nbsp;<\/p>\n<p><strong>\u00a0<\/strong><\/p>\n","protected":false},"featured_media":7443,"template":"","meta":{"site-sidebar-layout":"no-sidebar","site-content-layout":"boxed-container","ast-site-content-layout":"normal-width-container","site-content-style":"boxed","site-sidebar-style":"boxed","ast-global-header-display":"","ast-banner-title-visibility":"","ast-main-header-display":"","ast-hfb-above-header-display":"","ast-hfb-below-header-display":"","ast-hfb-mobile-header-display":"","site-post-title":"","ast-breadcrumbs-content":"","ast-featured-img":"","footer-sml-layout":"","ast-disable-related-posts":"","theme-transparent-header-meta":"disabled","adv-header-id-meta":"","stick-header-meta":"default","header-above-stick-meta":"","header-main-stick-meta":"","header-below-stick-meta":"","astra-migrate-meta-layouts":"set","ast-page-background-enabled":"default","ast-page-background-meta":{"desktop":{"background-color":"","background-image":"","background-repeat":"repeat","background-position":"center center","background-size":"auto","background-attachment":"scroll","background-type":"","background-media":"","overlay-type":"","overlay-color":"","overlay-opacity":"","overlay-gradient":""},"tablet":{"background-color":"","background-image":"","background-repeat":"repeat","background-position":"center center","background-size":"auto","background-attachment":"scroll","background-type":"","background-media":"","overlay-type":"","overlay-color":"","overlay-opacity":"","overlay-gradient":""},"mobile":{"background-color":"","background-image":"","background-repeat":"repeat","background-position":"center center","background-size":"auto","background-attachment":"scroll","background-type":"","background-media":"","overlay-type":"","overlay-color":"","overlay-opacity":"","overlay-gradient":""}},"ast-content-background-meta":{"desktop":{"background-color":"var(--ast-global-color-5)","background-image":"","background-repeat":"repeat","background-position":"center center","background-size":"auto","background-attachment":"scroll","background-type":"","background-media":"","overlay-type":"","overlay-color":"","overlay-opacity":"","overlay-gradient":""},"tablet":{"background-color":"var(--ast-global-color-5)","background-image":"","background-repeat":"repeat","background-position":"center center","background-size":"auto","background-attachment":"scroll","background-type":"","background-media":"","overlay-type":"","overlay-color":"","overlay-opacity":"","overlay-gradient":""},"mobile":{"background-color":"var(--ast-global-color-5)","background-image":"","background-repeat":"repeat","background-position":"center center","background-size":"auto","background-attachment":"scroll","background-type":"","background-media":"","overlay-type":"","overlay-color":"","overlay-opacity":"","overlay-gradient":""}}},"product_brand":[],"product_cat":[249],"product_tag":[362,361,346],"class_list":{"0":"post-7288","1":"product","2":"type-product","3":"status-publish","4":"has-post-thumbnail","6":"product_cat-muut-tarvikkeet","7":"product_tag-dmc","8":"product_tag-rapylat","9":"product_tag-silikonirapyla","10":"desktop-align-left","11":"tablet-align-left","12":"mobile-align-left","13":"ast-product-gallery-layout-horizontal","14":"ast-product-single-variable","15":"ast-product-tabs-layout-horizontal","17":"first","18":"outofstock","19":"featured","20":"taxable","21":"shipping-taxable","22":"purchasable","23":"product-type-variable"},"_links":{"self":[{"href":"https:\/\/mainosmerkki.fi\/rius\/wp-json\/wp\/v2\/product\/7288","targetHints":{"allow":["GET"]}}],"collection":[{"href":"https:\/\/mainosmerkki.fi\/rius\/wp-json\/wp\/v2\/product"}],"about":[{"href":"https:\/\/mainosmerkki.fi\/rius\/wp-json\/wp\/v2\/types\/product"}],"wp:featuredmedia":[{"embeddable":true,"href":"https:\/\/mainosmerkki.fi\/rius\/wp-json\/wp\/v2\/media\/7443"}],"wp:attachment":[{"href":"https:\/\/mainosmerkki.fi\/rius\/wp-json\/wp\/v2\/media?parent=7288"}],"wp:term":[{"taxonomy":"product_brand","embeddable":true,"href":"https:\/\/mainosmerkki.fi\/rius\/wp-json\/wp\/v2\/product_brand?post=7288"},{"taxonomy":"product_cat","embeddable":true,"href":"https:\/\/mainosmerkki.fi\/rius\/wp-json\/wp\/v2\/product_cat?post=7288"},{"taxonomy":"product_tag","embeddable":true,"href":"https:\/\/mainosmerkki.fi\/rius\/wp-json\/wp\/v2\/product_tag?post=7288"}],"curies":[{"name":"wp","href":"https:\/\/api.w.org\/{rel}","templated":true}]}}