{"id":5421,"date":"2022-11-29T13:44:27","date_gmt":"2022-11-29T11:44:27","guid":{"rendered":"https:\/\/mainosmerkki.fi\/puomitek\/?post_type=product&#038;p=5421"},"modified":"2023-01-09T09:37:37","modified_gmt":"2023-01-09T07:37:37","slug":"puomitek-t-paita-harmaa","status":"publish","type":"product","link":"https:\/\/mainosmerkki.fi\/puomitek\/tuote\/puomitek-t-paita-harmaa\/","title":{"rendered":"Puomitek t-paita, harmaa"},"content":{"rendered":"<p>Harmaa Tee Jays t-paita Puomitek logolla. Kangas on esikutistettu ja valmistettu pitk\u00e4kuituisesta rengaskehr\u00e4tyst\u00e4 puuvillasta, jonka ansiosta se on sile\u00e4\u00e4 ja pehme\u00e4\u00e4.<\/p>\n<p>\u2022 100 % rengaskehr\u00e4tty\u00e4 pitk\u00e4kuituista kampapuuvillaa<br \/>\n\u2022 Paino: 150 g\/m\u00b2<br \/>\n\u2022 Kaksinkertainen Lycraa\u00ae sis\u00e4lt\u00e4v\u00e4 kaula-aukko<br \/>\n\u2022 Vahvistetut olka- ja niskasaumat<br \/>\n\u2022 Ei sivusaumoja (poikkeuksena koot 3XL-5XL)<br \/>\n\u2022 Esikutistettu kangas, tuplatikkaukset<\/p>\n<p>Koot: S &#8211; 5XL<\/p>\n","protected":false},"excerpt":{"rendered":"<p><img decoding=\"async\" class=\"alignnone size-full wp-image-888\" src=\"https:\/\/mainosmerkki.fi\/puomitek\/wp-content\/uploads\/sites\/17\/2020\/10\/TEEJAYS-2.jpg\" alt=\"\" width=\"200\" height=\"164\" \/><\/p>\n","protected":false},"featured_media":5420,"template":"","meta":{"site-sidebar-layout":"no-sidebar","site-content-layout":"boxed-container","ast-site-content-layout":"default","site-content-style":"default","site-sidebar-style":"default","ast-global-header-display":"","ast-banner-title-visibility":"","ast-main-header-display":"","ast-hfb-above-header-display":"","ast-hfb-below-header-display":"","ast-hfb-mobile-header-display":"","site-post-title":"","ast-breadcrumbs-content":"","ast-featured-img":"","footer-sml-layout":"","ast-disable-related-posts":"","theme-transparent-header-meta":"disabled","adv-header-id-meta":"","stick-header-meta":"default","header-above-stick-meta":"","header-main-stick-meta":"","header-below-stick-meta":"","astra-migrate-meta-layouts":"default","ast-page-background-enabled":"default","ast-page-background-meta":{"desktop":{"background-color":"","background-image":"","background-repeat":"repeat","background-position":"center center","background-size":"auto","background-attachment":"scroll","background-type":"","background-media":"","overlay-type":"","overlay-color":"","overlay-opacity":"","overlay-gradient":""},"tablet":{"background-color":"","background-image":"","background-repeat":"repeat","background-position":"center center","background-size":"auto","background-attachment":"scroll","background-type":"","background-media":"","overlay-type":"","overlay-color":"","overlay-opacity":"","overlay-gradient":""},"mobile":{"background-color":"","background-image":"","background-repeat":"repeat","background-position":"center center","background-size":"auto","background-attachment":"scroll","background-type":"","background-media":"","overlay-type":"","overlay-color":"","overlay-opacity":"","overlay-gradient":""}},"ast-content-background-meta":{"desktop":{"background-color":"var(--ast-global-color-5)","background-image":"","background-repeat":"repeat","background-position":"center center","background-size":"auto","background-attachment":"scroll","background-type":"","background-media":"","overlay-type":"","overlay-color":"","overlay-opacity":"","overlay-gradient":""},"tablet":{"background-color":"var(--ast-global-color-5)","background-image":"","background-repeat":"repeat","background-position":"center center","background-size":"auto","background-attachment":"scroll","background-type":"","background-media":"","overlay-type":"","overlay-color":"","overlay-opacity":"","overlay-gradient":""},"mobile":{"background-color":"var(--ast-global-color-5)","background-image":"","background-repeat":"repeat","background-position":"center center","background-size":"auto","background-attachment":"scroll","background-type":"","background-media":"","overlay-type":"","overlay-color":"","overlay-opacity":"","overlay-gradient":""}}},"product_brand":[],"product_cat":[251],"product_tag":[242,233,232],"class_list":{"0":"post-5421","1":"product","2":"type-product","3":"status-publish","4":"has-post-thumbnail","6":"product_cat-vapaa-aika","7":"product_tag-lyhythihainen","8":"product_tag-paita","9":"product_tag-t-paita","10":"desktop-align-left","11":"tablet-align-left","12":"mobile-align-left","13":"ast-product-gallery-layout-horizontal","14":"ast-product-single-variable","15":"ast-product-tabs-layout-horizontal","17":"first","18":"instock","19":"shipping-taxable","20":"purchasable","21":"product-type-variable"},"_links":{"self":[{"href":"https:\/\/mainosmerkki.fi\/puomitek\/wp-json\/wp\/v2\/product\/5421","targetHints":{"allow":["GET"]}}],"collection":[{"href":"https:\/\/mainosmerkki.fi\/puomitek\/wp-json\/wp\/v2\/product"}],"about":[{"href":"https:\/\/mainosmerkki.fi\/puomitek\/wp-json\/wp\/v2\/types\/product"}],"wp:featuredmedia":[{"embeddable":true,"href":"https:\/\/mainosmerkki.fi\/puomitek\/wp-json\/wp\/v2\/media\/5420"}],"wp:attachment":[{"href":"https:\/\/mainosmerkki.fi\/puomitek\/wp-json\/wp\/v2\/media?parent=5421"}],"wp:term":[{"taxonomy":"product_brand","embeddable":true,"href":"https:\/\/mainosmerkki.fi\/puomitek\/wp-json\/wp\/v2\/product_brand?post=5421"},{"taxonomy":"product_cat","embeddable":true,"href":"https:\/\/mainosmerkki.fi\/puomitek\/wp-json\/wp\/v2\/product_cat?post=5421"},{"taxonomy":"product_tag","embeddable":true,"href":"https:\/\/mainosmerkki.fi\/puomitek\/wp-json\/wp\/v2\/product_tag?post=5421"}],"curies":[{"name":"wp","href":"https:\/\/api.w.org\/{rel}","templated":true}]}}