{"id":749,"date":"2020-09-30T13:34:26","date_gmt":"2020-09-30T13:34:26","guid":{"rendered":"https:\/\/mainosmerkki.fi\/?page_id=749"},"modified":"2022-08-02T13:39:38","modified_gmt":"2022-08-02T10:39:38","slug":"toimitus-ja-maksuehdot","status":"publish","type":"page","link":"https:\/\/mainosmerkki.fi\/puomitek\/toimitus-ja-maksuehdot\/","title":{"rendered":"Toimitus- ja maksuehdot"},"content":{"rendered":"\t\t<div data-elementor-type=\"wp-page\" data-elementor-id=\"749\" class=\"elementor elementor-749\" data-elementor-post-type=\"page\">\n\t\t\t\t\t\t<section class=\"elementor-section elementor-top-section elementor-element elementor-element-5fe59422 elementor-section-content-middle elementor-section-boxed elementor-section-height-default elementor-section-height-default\" data-id=\"5fe59422\" data-element_type=\"section\" data-e-type=\"section\">\n\t\t\t\t\t\t<div class=\"elementor-container elementor-column-gap-no\">\n\t\t\t\t\t<div class=\"elementor-column elementor-col-100 elementor-top-column elementor-element elementor-element-8df5ad5\" data-id=\"8df5ad5\" data-element_type=\"column\" data-e-type=\"column\">\n\t\t\t<div class=\"elementor-widget-wrap elementor-element-populated\">\n\t\t\t\t\t\t<div class=\"elementor-element elementor-element-4d584876 elementor-widget elementor-widget-heading\" data-id=\"4d584876\" data-element_type=\"widget\" data-e-type=\"widget\" data-widget_type=\"heading.default\">\n\t\t\t\t<div class=\"elementor-widget-container\">\n\t\t\t\t\t<h6 class=\"elementor-heading-title elementor-size-default\">Toimitus- ja maksuehdot<\/h6>\t\t\t\t<\/div>\n\t\t\t\t<\/div>\n\t\t\t\t<div class=\"elementor-element elementor-element-6f7ceee4 elementor-widget elementor-widget-heading\" data-id=\"6f7ceee4\" data-element_type=\"widget\" data-e-type=\"widget\" data-widget_type=\"heading.default\">\n\t\t\t\t<div class=\"elementor-widget-container\">\n\t\t\t\t\t<h5 class=\"elementor-heading-title elementor-size-default\">Voimassa 1.8.2022 alkaen\n<\/h5>\t\t\t\t<\/div>\n\t\t\t\t<\/div>\n\t\t\t\t<div class=\"elementor-element elementor-element-4bcdbb2 elementor-widget elementor-widget-heading\" data-id=\"4bcdbb2\" data-element_type=\"widget\" data-e-type=\"widget\" data-widget_type=\"heading.default\">\n\t\t\t\t<div class=\"elementor-widget-container\">\n\t\t\t\t\t<h5 class=\"elementor-heading-title elementor-size-default\">YLEIST\u00c4 VERKKOKAUPASTA<\/h5>\t\t\t\t<\/div>\n\t\t\t\t<\/div>\n\t\t\t\t<div class=\"elementor-element elementor-element-de77bcf elementor-widget elementor-widget-heading\" data-id=\"de77bcf\" data-element_type=\"widget\" data-e-type=\"widget\" data-widget_type=\"heading.default\">\n\t\t\t\t<div class=\"elementor-widget-container\">\n\t\t\t\t\t<h5 class=\"elementor-heading-title elementor-size-default\">Verkkokaupan tuotteita myy Suomen Mainosmerkki Oy, y-tunnus 2837308-7,\nosoite: Kivikontie 2, 05460 Hyvink\u00e4\u00e4, puhelinnumero 040 587 9152. Myymme tuotteita t\u00e4ysi-ik\u00e4isille yksityishenkil\u00f6ille Suomeen. Tuotteiden hinnat sis\u00e4lt\u00e4v\u00e4t arvonlis\u00e4veron. Pid\u00e4t\u00e4mme oikeuden hintojen ja postikulujen muutoksiin. <\/h5>\t\t\t\t<\/div>\n\t\t\t\t<\/div>\n\t\t\t\t<div class=\"elementor-element elementor-element-2badaec elementor-widget elementor-widget-text-editor\" data-id=\"2badaec\" data-element_type=\"widget\" data-e-type=\"widget\" data-widget_type=\"text-editor.default\">\n\t\t\t\t<div class=\"elementor-widget-container\">\n\t\t\t\t\t\t\t\t\t<h3><span style=\"color: #333333\">TILAAMINEN<\/span><\/h3><p>Tuotteet tilataan p\u00e4\u00e4s\u00e4\u00e4nt\u00f6isesti internetin v\u00e4lityksell\u00e4 osoitteesta https:\/\/mainosmerkki.fi ostoskorin kautta.\u00a0 Kaikki tilaukset vahvistetaan s\u00e4hk\u00f6postilla, jossa ilmoitetaan tilauksen hinta, toimituskulut sek\u00e4 tilatut tuotteet. Tilausvahvistuksen saaminen edellytt\u00e4\u00e4 s\u00e4hk\u00f6postiosoitteen ilmoittamista tilauksen yhteydess\u00e4. Toimittaminen vaatii lis\u00e4ksi puhelinnumeron.<\/p><p>Asiakas sitoutuu jokaisen tilauksen yhteydess\u00e4 voimassa oleviin toimitusehtoihin.<\/p><h3><span style=\"color: #333333\">TILAUSVAHVISTUS<\/span><\/h3><p>Tilauksesta tulee automaattinen tilausvahvistus tilauksen yhteydess\u00e4 annettuun s\u00e4hk\u00f6posti osoitteeseen, josta n\u00e4et kaikki tilauksesi tiedot.<\/p><p><strong>MAKSAMINEN<\/strong><\/p><p>Verkkokaupan maksuv\u00e4litt\u00e4j\u00e4n\u00e4 toimii Visma Pay (Visma Payments Oy, y-tunnus 2486559-4), joka on rekister\u00f6ity Finanssivalvonnan yll\u00e4pit\u00e4m\u00e4\u00e4n maksulaitosrekisteriin. Maksamiseen siirryt\u00e4\u00e4n Visma Payn verkkopalvelun kautta ja tiliotteella ja laskulla maksun saajana n\u00e4kyy Visma Pay tai Visma Payments Oy. Visma Pay v\u00e4litt\u00e4\u00e4 maksut verkkokauppiaalle. Maksaminen on turvallista, sill\u00e4 kaikki maksutapahtumaa koskevat tiedot v\u00e4litet\u00e4\u00e4n salattua yhteytt\u00e4 k\u00e4ytt\u00e4en niin ettei kukaan ulkopuolinen taho n\u00e4e maksutapahtuman tietoja.<\/p><p>\u00a0Kauppa syntyy verkkokaupan asiakkaan ja verkkokaupan v\u00e4lille. Verkkokaupan vastuulla ovat kaikki kauppaan liittyv\u00e4t velvoitteet.<\/p><p>\u00a0Lue lis\u00e4\u00e4 Visma Paysta: <a href=\"https:\/\/www.visma.fi\/vismapay\/\">https:\/\/www.visma.fi\/vismapay\/<\/a><\/p><p>\u00a0Maksutavat<\/p><p>\u00a0Visma Pay -palvelun kautta voit maksaa verkkopankkitunnuksilla, lompakolla, maksukorteilla (credit\/debit), laskulla tai osamaksulla. K\u00e4ytett\u00e4viss\u00e4 ovat seuraavat maksutavat: Osuuspankki, Nordea, Danske Bank, Oma S\u00e4\u00e4st\u00f6pankki, S\u00e4\u00e4st\u00f6pankki, Aktia, Paikallisosuuspankit, S-Pankki, Handelsbanken, \u00c5landsbanken, MobilePay, Masterpass, Pivo, Visa-, Visa Debit-, Visa Electron-, MasterCard- ja Debit MasterCard -kortit, sek\u00e4 Jousto, Fellow Lasku ja Fellow Yrityslasku.<\/p><p>\u00a0MobilePay: Voit maksaa MobilePay-lompakollasi mik\u00e4li olet sallinut verkkokaupoissa maksamisen sovelluksen asetuksista. MobilePay-lompakolla suoritetut maksut veloitetaan lompakkoon liitetylt\u00e4 maksukortilta. Mik\u00e4li maksun veloittaminen maksukortilta ep\u00e4onnistuu, MobilePay-lompakolla maksaminen ei ole mahdollista verkkokaupassa.<\/p><p>\u00a0Pivo: K\u00e4ytt\u00f6ehdot ovat tarjolla Pivon sivuilla: <a href=\"https:\/\/pivo.fi\/kayttoehdot\/pivon-kayttoehdot\/\">https:\/\/pivo.fi\/kayttoehdot\/pivon-kayttoehdot\/<\/a><\/p><p>\u00a0Jousto lasku ja osamaksu on kotimainen palvelu, jolla teet ostoksesi nopeasti ja turvallisesti. Jousto on tarkoitettu yksityishenkil\u00f6ille, jotka ovat hoitaneet raha-asiansa moitteettomasti. Joustolla saat 30 vuorokautta korotonta ja kulutonta maksuaikaa. Laskun saatuasi voit p\u00e4\u00e4tt\u00e4\u00e4 maksatko sen kokonaan vai osissa. Osamaksulla voit maksaa ostoksesi jopa 36:ssa er\u00e4ss\u00e4, alkaen 9,90 eur\/kk. Jousto osamaksun kustannukset ovat 3,90 eur\/kk ja 19,90%:n luottokorko. Voit maksaa Joustolla 30\u20133000 euron ostoksia. Luotonmy\u00f6nt\u00e4j\u00e4n\u00e4 toimii Aurajoki Nordic Oy. Lue lis\u00e4\u00e4 Joustosta osoitteessa www.jousto.com.<\/p><p>\u00a0Visma Pay -maksupalvelun yhteystiedot<\/p><p>\u00a0Visma Payments Oy (Y-tunnus 2486559-4)<\/p><p>S\u00e4hk\u00f6posti: <a href=\"mailto:helpdesk@vismapay.com\">helpdesk@vismapay.com<\/a><\/p><p>Puhelin: 09 315 42 037 (arkisin klo 8-16)<\/p><p>Postiosoite: Brahenkatu 4, 53100 Lappeenranta<\/p><h3><span style=\"color: #333333\">TOIMITUSAIKA<\/span><\/h3><p>Postitamme tuotteita perjantaisin. Tuotteet toimitetaan p\u00e4\u00e4s\u00e4\u00e4nt\u00f6isesti kahden viikon kuluessa maksun vastaanottamisesta. Mik\u00e4li sinulla on toivomus toimitusajasta, voit lis\u00e4t\u00e4 sen tilauksen yhteydess\u00e4 lis\u00e4tieto -kentt\u00e4\u00e4n. Teemme tukkutilaukset aina tiistaisin.\u00a0 Toimitamme tuotteita vain kotimaahan.<\/p><h3><span style=\"color: #eb0cb7\"><span style=\"color: #333333\">TOIMITUSTAPA JA TOIMITUSKULUT<\/span><br \/><\/span><\/h3><p>Toimituskuluihin sis\u00e4ltyy posti- ja pakkauskulut. Voit katsoa toimituskulut valittuasi ostoskorin maksu- ja toimitustavan. Toimitamme tilaukset pakettina ja maksikirjeen\u00e4, vain pakettia voi seurata l\u00e4hetystunnuksella. Mik\u00e4li toimitus halutaan &#8221;s\u00e4rkyv\u00e4\u00e4&#8221; -pakettina, lis\u00e4t\u00e4\u00e4n toimituskuluihin erillisk\u00e4sitelt\u00e4v\u00e4n paketin maksu postin voimassaolevien hintojen mukaan. Lis\u00e4tietoja pakettivaihtoehdoista maksuista ja kuljetustavoista saat osoitteesta <span style=\"color: #333333\">kauppa@mainosmerkki.fi.<\/span><\/p><h3><span style=\"color: #eb0cb7\"><span style=\"color: #333333\">VAIHTO- JA PALAUTUSEHDOT<\/span><br \/><\/span><\/h3><p>Asiakkaalla on Suomen kuluttajansuojalain mukainen 14 p\u00e4iv\u00e4n vaihto- ja palautusoikeus. Palautusoikeus koskee vain alkuper\u00e4ispakkauksessa olevia k\u00e4ytt\u00e4m\u00e4tt\u00f6mi\u00e4 ja myyntikelpoisia tuotteita. Asiakas maksaa palautuksesta aiheutuvat kulut.<br \/>Liit\u00e4 palautuksen mukaan seuraavat tiedot:<br \/>\u2022 asiakasnumerosi, nimesi, osoitteesi ja puhelinnumerosi<br \/>\u2022 sek\u00e4 kopio Suomen Mainosmerkki Oy:n tilausvahvistuksesta<\/p><p><span style=\"text-decoration: underline\">Maksunpalautus tehd\u00e4\u00e4n aina ostossa k\u00e4ytetylle maksutavalle.<\/span><\/p><p><strong>Palautusosoite:<\/strong><br \/>Suomen Mainosmerkki Oy<br \/>Kivikontie 2<br \/>05460 Hyvink\u00e4\u00e4<br \/><span style=\"text-decoration: underline\">Emme vastaanota palautuksia yli 14 vrk kuluttua toimituksesta.<\/span> <br \/>Ongelmatilanteet kuljetuksessa sek\u00e4 viallisten tuotteiden osalta ota yhteys osoitteeseen <a href=\"mailto:kauppa@mainosmerkki.fi\"><span style=\"color: #333333\">kauppa@mainosmerkki.fi<\/span><\/a><br \/>Mik\u00e4li tuote on kadonnut kuljetuksen aikana, vioittunut tai asiakkaalle on toimitettu v\u00e4\u00e4r\u00e4 tuote, tulee asiakkaan ilmoittaa virheest\u00e4 v\u00e4litt\u00f6m\u00e4sti osoitteeseen <span style=\"color: #333333\"><a style=\"color: #333333\" href=\"mailto:kauppa@mainosmerkki.fi\">kauppa@mainosmerkki.fi<\/a> <\/span>tai postitse:<br \/>Suomen Mainosmerkki Oy<br \/>Kivikontie 2<br \/>05460 Hyvink\u00e4\u00e4<br \/>Ilmoitus virheellisest\u00e4 toimituksesta tai viallisesta tuotteesta on teht\u00e4v\u00e4 14 p\u00e4iv\u00e4n sis\u00e4ll\u00e4 tuotteen vastaanottamisesta. Jos paketti on vioittunut postissa, on tuotteesta teht\u00e4v\u00e4 v\u00e4litt\u00f6m\u00e4sti reklamaatio postiin.<\/p><div><strong>MUUTA<\/strong><\/div><div>Pid\u00e4t\u00e4mme oikeuden muuttaa toimitusehtojamme. Asiakkaan on ennen tilaustaan tutustuttava kulloinkin voimassa oleviin toimitusehtoihin.<br \/>Suomen Mainosmerkki Oy k\u00e4sittelee kaikki asiakastiedot t\u00e4ysin luottamuksellisesti. Rekisteriselosteemme on saatavilla pyynn\u00f6st\u00e4, osoitteesta <a href=\"mailto:kauppa@mainosmerkki.fi\">kauppa@mainosmerkki.fi<\/a>. Suomen Mainosmerkki Oy sitoutuu olemaan luovuttamatta asiakastietoja kolmannelle osapuolelle.<\/div><div>\u00a0<\/div><div>\u00a0<\/div>\t\t\t\t\t\t\t\t<\/div>\n\t\t\t\t<\/div>\n\t\t\t\t\t<\/div>\n\t\t<\/div>\n\t\t\t\t\t<\/div>\n\t\t<\/section>\n\t\t\t\t<\/div>\n\t\t","protected":false},"excerpt":{"rendered":"<p>Toimitus- ja maksuehdot Voimassa 1.8.2022 alkaen YLEIST\u00c4 VERKKOKAUPASTA Verkkokaupan tuotteita myy Suomen Mainosmerkki Oy, y-tunnus 2837308-7, osoite: Kivikontie 2, 05460 Hyvink\u00e4\u00e4, puhelinnumero 040 587 9152. Myymme tuotteita t\u00e4ysi-ik\u00e4isille yksityishenkil\u00f6ille Suomeen. Tuotteiden hinnat sis\u00e4lt\u00e4v\u00e4t arvonlis\u00e4veron. Pid\u00e4t\u00e4mme oikeuden hintojen ja postikulujen muutoksiin. TILAAMINEN Tuotteet tilataan p\u00e4\u00e4s\u00e4\u00e4nt\u00f6isesti internetin v\u00e4lityksell\u00e4 osoitteesta https:\/\/mainosmerkki.fi ostoskorin kautta.\u00a0 Kaikki tilaukset vahvistetaan s\u00e4hk\u00f6postilla, jossa [&hellip;]<\/p>\n","protected":false},"author":2,"featured_media":0,"parent":0,"menu_order":0,"comment_status":"closed","ping_status":"closed","template":"","meta":{"site-sidebar-layout":"no-sidebar","site-content-layout":"boxed-container","ast-site-content-layout":"default","site-content-style":"default","site-sidebar-style":"default","ast-global-header-display":"","ast-banner-title-visibility":"","ast-main-header-display":"","ast-hfb-above-header-display":"","ast-hfb-below-header-display":"","ast-hfb-mobile-header-display":"","site-post-title":"disabled","ast-breadcrumbs-content":"","ast-featured-img":"disabled","footer-sml-layout":"","ast-disable-related-posts":"","theme-transparent-header-meta":"disabled","adv-header-id-meta":"568","stick-header-meta":"default","header-above-stick-meta":"","header-main-stick-meta":"","header-below-stick-meta":"","astra-migrate-meta-layouts":"default","ast-page-background-enabled":"default","ast-page-background-meta":{"desktop":{"background-color":"","background-image":"","background-repeat":"repeat","background-position":"center center","background-size":"auto","background-attachment":"scroll","background-type":"","background-media":"","overlay-type":"","overlay-color":"","overlay-opacity":"","overlay-gradient":""},"tablet":{"background-color":"","background-image":"","background-repeat":"repeat","background-position":"center center","background-size":"auto","background-attachment":"scroll","background-type":"","background-media":"","overlay-type":"","overlay-color":"","overlay-opacity":"","overlay-gradient":""},"mobile":{"background-color":"","background-image":"","background-repeat":"repeat","background-position":"center center","background-size":"auto","background-attachment":"scroll","background-type":"","background-media":"","overlay-type":"","overlay-color":"","overlay-opacity":"","overlay-gradient":""}},"ast-content-background-meta":{"desktop":{"background-color":"var(--ast-global-color-5)","background-image":"","background-repeat":"repeat","background-position":"center center","background-size":"auto","background-attachment":"scroll","background-type":"","background-media":"","overlay-type":"","overlay-color":"","overlay-opacity":"","overlay-gradient":""},"tablet":{"background-color":"var(--ast-global-color-5)","background-image":"","background-repeat":"repeat","background-position":"center center","background-size":"auto","background-attachment":"scroll","background-type":"","background-media":"","overlay-type":"","overlay-color":"","overlay-opacity":"","overlay-gradient":""},"mobile":{"background-color":"var(--ast-global-color-5)","background-image":"","background-repeat":"repeat","background-position":"center center","background-size":"auto","background-attachment":"scroll","background-type":"","background-media":"","overlay-type":"","overlay-color":"","overlay-opacity":"","overlay-gradient":""}},"footnotes":""},"class_list":["post-749","page","type-page","status-publish","hentry"],"_links":{"self":[{"href":"https:\/\/mainosmerkki.fi\/puomitek\/wp-json\/wp\/v2\/pages\/749","targetHints":{"allow":["GET"]}}],"collection":[{"href":"https:\/\/mainosmerkki.fi\/puomitek\/wp-json\/wp\/v2\/pages"}],"about":[{"href":"https:\/\/mainosmerkki.fi\/puomitek\/wp-json\/wp\/v2\/types\/page"}],"author":[{"embeddable":true,"href":"https:\/\/mainosmerkki.fi\/puomitek\/wp-json\/wp\/v2\/users\/2"}],"replies":[{"embeddable":true,"href":"https:\/\/mainosmerkki.fi\/puomitek\/wp-json\/wp\/v2\/comments?post=749"}],"version-history":[{"count":42,"href":"https:\/\/mainosmerkki.fi\/puomitek\/wp-json\/wp\/v2\/pages\/749\/revisions"}],"predecessor-version":[{"id":5193,"href":"https:\/\/mainosmerkki.fi\/puomitek\/wp-json\/wp\/v2\/pages\/749\/revisions\/5193"}],"wp:attachment":[{"href":"https:\/\/mainosmerkki.fi\/puomitek\/wp-json\/wp\/v2\/media?parent=749"}],"curies":[{"name":"wp","href":"https:\/\/api.w.org\/{rel}","templated":true}]}}