{"id":6408,"date":"2025-12-16T09:05:51","date_gmt":"2025-12-16T09:05:51","guid":{"rendered":"https:\/\/mainosmerkki.fi\/opel-club-finland\/?post_type=product&#038;p=6408"},"modified":"2026-03-17T08:37:03","modified_gmt":"2026-03-17T08:37:03","slug":"ocf-seinakalenteri-2026","status":"publish","type":"product","link":"https:\/\/mainosmerkki.fi\/opel-club-finland\/tuote\/ocf-seinakalenteri-2026\/","title":{"rendered":"OCF Sein\u00e4kalenteri 2026"},"content":{"rendered":"<ul>\n<li>Sein\u00e4kalenteri<\/li>\n<li>Kierresidonta<\/li>\n<li>A4-kokoinen kuva yl\u00e4osassa<\/li>\n<li>A4-kokoinen kalenteriosa<\/li>\n<li>Nimip\u00e4iv\u00e4t ja juhlapyh\u00e4t<\/li>\n<\/ul>\n","protected":false},"excerpt":{"rendered":"<p>&nbsp;<\/p>\n<p><img decoding=\"async\" class=\"alignleft size-medium wp-image-2772\" src=\"https:\/\/mainosmerkki.fi\/opel-club-finland\/wp-content\/uploads\/sites\/4\/2020\/11\/ocf-logo-300x136.jpg\" alt=\"Opel Club Finland\" width=\"300\" height=\"136\" srcset=\"https:\/\/mainosmerkki.fi\/opel-club-finland\/wp-content\/uploads\/sites\/4\/2020\/11\/ocf-logo-300x136.jpg 300w, https:\/\/mainosmerkki.fi\/opel-club-finland\/wp-content\/uploads\/sites\/4\/2020\/11\/ocf-logo-1024x463.jpg 1024w, https:\/\/mainosmerkki.fi\/opel-club-finland\/wp-content\/uploads\/sites\/4\/2020\/11\/ocf-logo-768x347.jpg 768w, https:\/\/mainosmerkki.fi\/opel-club-finland\/wp-content\/uploads\/sites\/4\/2020\/11\/ocf-logo-600x271.jpg 600w, https:\/\/mainosmerkki.fi\/opel-club-finland\/wp-content\/uploads\/sites\/4\/2020\/11\/ocf-logo.jpg 1441w\" sizes=\"(max-width: 300px) 100vw, 300px\" \/><\/p>\n<div class=\"accordion\">\n<p>&nbsp;<\/p>\n<\/div>\n","protected":false},"featured_media":6421,"template":"","meta":{"site-sidebar-layout":"no-sidebar","site-content-layout":"boxed-container","ast-site-content-layout":"normal-width-container","site-content-style":"boxed","site-sidebar-style":"boxed","ast-global-header-display":"","ast-banner-title-visibility":"","ast-main-header-display":"","ast-hfb-above-header-display":"","ast-hfb-below-header-display":"","ast-hfb-mobile-header-display":"","site-post-title":"","ast-breadcrumbs-content":"","ast-featured-img":"","footer-sml-layout":"","ast-disable-related-posts":"","theme-transparent-header-meta":"disabled","adv-header-id-meta":"","stick-header-meta":"default","header-above-stick-meta":"","header-main-stick-meta":"","header-below-stick-meta":"","astra-migrate-meta-layouts":"set","ast-page-background-enabled":"default","ast-page-background-meta":{"desktop":{"background-color":"","background-image":"","background-repeat":"repeat","background-position":"center center","background-size":"auto","background-attachment":"scroll","background-type":"","background-media":"","overlay-type":"","overlay-color":"","overlay-opacity":"","overlay-gradient":""},"tablet":{"background-color":"","background-image":"","background-repeat":"repeat","background-position":"center center","background-size":"auto","background-attachment":"scroll","background-type":"","background-media":"","overlay-type":"","overlay-color":"","overlay-opacity":"","overlay-gradient":""},"mobile":{"background-color":"","background-image":"","background-repeat":"repeat","background-position":"center center","background-size":"auto","background-attachment":"scroll","background-type":"","background-media":"","overlay-type":"","overlay-color":"","overlay-opacity":"","overlay-gradient":""}},"ast-content-background-meta":{"desktop":{"background-color":"var(--ast-global-color-5)","background-image":"","background-repeat":"repeat","background-position":"center center","background-size":"auto","background-attachment":"scroll","background-type":"","background-media":"","overlay-type":"","overlay-color":"","overlay-opacity":"","overlay-gradient":""},"tablet":{"background-color":"var(--ast-global-color-5)","background-image":"","background-repeat":"repeat","background-position":"center center","background-size":"auto","background-attachment":"scroll","background-type":"","background-media":"","overlay-type":"","overlay-color":"","overlay-opacity":"","overlay-gradient":""},"mobile":{"background-color":"var(--ast-global-color-5)","background-image":"","background-repeat":"repeat","background-position":"center center","background-size":"auto","background-attachment":"scroll","background-type":"","background-media":"","overlay-type":"","overlay-color":"","overlay-opacity":"","overlay-gradient":""}}},"product_brand":[],"product_cat":[234,115],"product_tag":[276],"class_list":{"0":"post-6408","1":"product","2":"type-product","3":"status-publish","4":"has-post-thumbnail","6":"product_cat-muut","7":"product_cat-opel-club-finland","8":"product_tag-kalenteri","9":"product_shipping_class-pikkupaketti-2-kg-kirjelaatikko-tai-postiluukusta","10":"desktop-align-center","11":"tablet-align-center","12":"mobile-align-center","13":"ast-product-gallery-layout-horizontal","14":"ast-product-gallery-with-no-image","15":"ast-product-tabs-layout-horizontal","17":"first","18":"instock","19":"purchasable","20":"product-type-simple"},"_links":{"self":[{"href":"https:\/\/mainosmerkki.fi\/opel-club-finland\/wp-json\/wp\/v2\/product\/6408","targetHints":{"allow":["GET"]}}],"collection":[{"href":"https:\/\/mainosmerkki.fi\/opel-club-finland\/wp-json\/wp\/v2\/product"}],"about":[{"href":"https:\/\/mainosmerkki.fi\/opel-club-finland\/wp-json\/wp\/v2\/types\/product"}],"wp:featuredmedia":[{"embeddable":true,"href":"https:\/\/mainosmerkki.fi\/opel-club-finland\/wp-json\/wp\/v2\/media\/6421"}],"wp:attachment":[{"href":"https:\/\/mainosmerkki.fi\/opel-club-finland\/wp-json\/wp\/v2\/media?parent=6408"}],"wp:term":[{"taxonomy":"product_brand","embeddable":true,"href":"https:\/\/mainosmerkki.fi\/opel-club-finland\/wp-json\/wp\/v2\/product_brand?post=6408"},{"taxonomy":"product_cat","embeddable":true,"href":"https:\/\/mainosmerkki.fi\/opel-club-finland\/wp-json\/wp\/v2\/product_cat?post=6408"},{"taxonomy":"product_tag","embeddable":true,"href":"https:\/\/mainosmerkki.fi\/opel-club-finland\/wp-json\/wp\/v2\/product_tag?post=6408"}],"curies":[{"name":"wp","href":"https:\/\/api.w.org\/{rel}","templated":true}]}}