{"id":6053,"date":"2023-03-06T12:24:07","date_gmt":"2023-03-06T12:24:07","guid":{"rendered":"https:\/\/mainosmerkki.fi\/opel-club-finland\/?post_type=product&#038;p=6053"},"modified":"2026-03-12T11:04:26","modified_gmt":"2026-03-12T11:04:26","slug":"ocf-kevytuntuvatakki-naiset","status":"publish","type":"product","link":"https:\/\/mainosmerkki.fi\/opel-club-finland\/tuote\/ocf-kevytuntuvatakki-naiset\/","title":{"rendered":"OCF kevytuntuvatakki, naiset"},"content":{"rendered":"<p>Suosittu moderni takki, jossa tekountuvatoppaus. Irrotettava huppu, 3 vetoketjullista ulkotaskua ja 2 sis\u00e4taskua. Kauluksessa lenkki kuulokejohdolle.<\/p>\n<p>Tyylik\u00e4s OCF brodeeraus sel\u00e4ss\u00e4. Mahdollisuus valita logo- ja nimibrodeeraus vasempaan rintaan.<\/p>\n<p>Materiaali: P\u00e4\u00e4llyskangas ja vuori: 100 % polyesteri\u00e4. Toppaus: untuvamaista 100 % polyesteri\u00e4.<br \/>\nKoot: XS &#8211; 2XL<\/p>\n","protected":false},"excerpt":{"rendered":"<p><img decoding=\"async\" class=\"alignleft size-medium wp-image-1152\" src=\"https:\/\/mainosmerkki.fi\/opel-club-finland\/wp-content\/uploads\/sites\/4\/2020\/10\/clique-300x82.png\" alt=\"\" width=\"300\" height=\"82\" srcset=\"https:\/\/mainosmerkki.fi\/opel-club-finland\/wp-content\/uploads\/sites\/4\/2020\/10\/clique-300x82.png 300w, https:\/\/mainosmerkki.fi\/opel-club-finland\/wp-content\/uploads\/sites\/4\/2020\/10\/clique-1024x279.png 1024w, https:\/\/mainosmerkki.fi\/opel-club-finland\/wp-content\/uploads\/sites\/4\/2020\/10\/clique-768x209.png 768w, https:\/\/mainosmerkki.fi\/opel-club-finland\/wp-content\/uploads\/sites\/4\/2020\/10\/clique-1536x418.png 1536w, https:\/\/mainosmerkki.fi\/opel-club-finland\/wp-content\/uploads\/sites\/4\/2020\/10\/clique-600x163.png 600w, https:\/\/mainosmerkki.fi\/opel-club-finland\/wp-content\/uploads\/sites\/4\/2020\/10\/clique.png 1834w\" sizes=\"(max-width: 300px) 100vw, 300px\" \/><\/p>\n","protected":false},"featured_media":6100,"template":"","meta":{"site-sidebar-layout":"no-sidebar","site-content-layout":"boxed-container","ast-site-content-layout":"normal-width-container","site-content-style":"boxed","site-sidebar-style":"boxed","ast-global-header-display":"","ast-banner-title-visibility":"","ast-main-header-display":"","ast-hfb-above-header-display":"","ast-hfb-below-header-display":"","ast-hfb-mobile-header-display":"","site-post-title":"","ast-breadcrumbs-content":"","ast-featured-img":"","footer-sml-layout":"","ast-disable-related-posts":"","theme-transparent-header-meta":"disabled","adv-header-id-meta":"","stick-header-meta":"default","header-above-stick-meta":"","header-main-stick-meta":"","header-below-stick-meta":"","astra-migrate-meta-layouts":"set","ast-page-background-enabled":"default","ast-page-background-meta":{"desktop":{"background-color":"","background-image":"","background-repeat":"repeat","background-position":"center center","background-size":"auto","background-attachment":"scroll","background-type":"","background-media":"","overlay-type":"","overlay-color":"","overlay-opacity":"","overlay-gradient":""},"tablet":{"background-color":"","background-image":"","background-repeat":"repeat","background-position":"center center","background-size":"auto","background-attachment":"scroll","background-type":"","background-media":"","overlay-type":"","overlay-color":"","overlay-opacity":"","overlay-gradient":""},"mobile":{"background-color":"","background-image":"","background-repeat":"repeat","background-position":"center center","background-size":"auto","background-attachment":"scroll","background-type":"","background-media":"","overlay-type":"","overlay-color":"","overlay-opacity":"","overlay-gradient":""}},"ast-content-background-meta":{"desktop":{"background-color":"var(--ast-global-color-5)","background-image":"","background-repeat":"repeat","background-position":"center center","background-size":"auto","background-attachment":"scroll","background-type":"","background-media":"","overlay-type":"","overlay-color":"","overlay-opacity":"","overlay-gradient":""},"tablet":{"background-color":"var(--ast-global-color-5)","background-image":"","background-repeat":"repeat","background-position":"center center","background-size":"auto","background-attachment":"scroll","background-type":"","background-media":"","overlay-type":"","overlay-color":"","overlay-opacity":"","overlay-gradient":""},"mobile":{"background-color":"var(--ast-global-color-5)","background-image":"","background-repeat":"repeat","background-position":"center center","background-size":"auto","background-attachment":"scroll","background-type":"","background-media":"","overlay-type":"","overlay-color":"","overlay-opacity":"","overlay-gradient":""}}},"product_brand":[],"product_cat":[115,272],"product_tag":[285,156,286],"class_list":{"0":"post-6053","1":"product","2":"type-product","3":"status-publish","4":"has-post-thumbnail","6":"product_cat-opel-club-finland","7":"product_cat-takit","8":"product_tag-kevytuntuvatakki","9":"product_tag-takki","10":"product_tag-tikkitakki","11":"desktop-align-center","12":"tablet-align-center","13":"mobile-align-center","14":"ast-product-gallery-layout-horizontal","15":"ast-product-single-variable","16":"ast-product-tabs-layout-horizontal","18":"first","19":"instock","20":"purchasable","21":"product-type-variable"},"_links":{"self":[{"href":"https:\/\/mainosmerkki.fi\/opel-club-finland\/wp-json\/wp\/v2\/product\/6053","targetHints":{"allow":["GET"]}}],"collection":[{"href":"https:\/\/mainosmerkki.fi\/opel-club-finland\/wp-json\/wp\/v2\/product"}],"about":[{"href":"https:\/\/mainosmerkki.fi\/opel-club-finland\/wp-json\/wp\/v2\/types\/product"}],"wp:featuredmedia":[{"embeddable":true,"href":"https:\/\/mainosmerkki.fi\/opel-club-finland\/wp-json\/wp\/v2\/media\/6100"}],"wp:attachment":[{"href":"https:\/\/mainosmerkki.fi\/opel-club-finland\/wp-json\/wp\/v2\/media?parent=6053"}],"wp:term":[{"taxonomy":"product_brand","embeddable":true,"href":"https:\/\/mainosmerkki.fi\/opel-club-finland\/wp-json\/wp\/v2\/product_brand?post=6053"},{"taxonomy":"product_cat","embeddable":true,"href":"https:\/\/mainosmerkki.fi\/opel-club-finland\/wp-json\/wp\/v2\/product_cat?post=6053"},{"taxonomy":"product_tag","embeddable":true,"href":"https:\/\/mainosmerkki.fi\/opel-club-finland\/wp-json\/wp\/v2\/product_tag?post=6053"}],"curies":[{"name":"wp","href":"https:\/\/api.w.org\/{rel}","templated":true}]}}