{"id":5933,"date":"2023-03-06T10:52:56","date_gmt":"2023-03-06T10:52:56","guid":{"rendered":"https:\/\/mainosmerkki.fi\/opel-club-finland\/?post_type=product&#038;p=5933"},"modified":"2023-04-24T12:48:42","modified_gmt":"2023-04-24T12:48:42","slug":"ocf-collegepaita-unisex","status":"publish","type":"product","link":"https:\/\/mainosmerkki.fi\/opel-club-finland\/tuote\/ocf-collegepaita-unisex\/","title":{"rendered":"OCF collegepaita, unisex"},"content":{"rendered":"<p>Unisex-mallinen tyylik\u00e4s collegepaita. Eritt\u00e4in laadukas ja k\u00e4ytt\u00f6\u00e4 kest\u00e4v\u00e4 materiaali.<br \/>\nTyylik\u00e4s OCF brodeeraus rintaan ja selk\u00e4\u00e4n.<\/p>\n<p>\u2022 80 % puuvillaa, 20 % polyesteri\u00e4<br \/>\n\u2022 Paino: 280 g\/m\u00b2<br \/>\n\u2022 Kolmilankakudonta, p\u00e4\u00e4likerros pehme\u00e4\u00e4 puuvillaa<br \/>\n\u2022 Suora unisex-malli<br \/>\n\u2022 Istutetut hihat<br \/>\n\u2022 Vahvistettu niskasauma<br \/>\n\u2022 Harjattu sis\u00e4pinta<br \/>\n\u2022 Resorit hihansuissa, kauluksessa ja helmassa<\/p>\n<p>Koot: XS &#8211; 5XL<\/p>\n","protected":false},"excerpt":{"rendered":"<p><img decoding=\"async\" class=\"alignleft  wp-image-1118\" src=\"https:\/\/mainosmerkki.fi\/opel-club-finland\/wp-content\/uploads\/sites\/4\/2020\/10\/Russell-1-300x272.jpg\" alt=\"\" width=\"160\" height=\"145\" srcset=\"https:\/\/mainosmerkki.fi\/opel-club-finland\/wp-content\/uploads\/sites\/4\/2020\/10\/Russell-1-300x272.jpg 300w, https:\/\/mainosmerkki.fi\/opel-club-finland\/wp-content\/uploads\/sites\/4\/2020\/10\/Russell-1-600x544.jpg 600w, https:\/\/mainosmerkki.fi\/opel-club-finland\/wp-content\/uploads\/sites\/4\/2020\/10\/Russell-1.jpg 710w\" sizes=\"(max-width: 160px) 100vw, 160px\" \/><\/p>\n","protected":false},"featured_media":6110,"template":"","meta":{"site-sidebar-layout":"no-sidebar","site-content-layout":"boxed-container","ast-site-content-layout":"default","site-content-style":"default","site-sidebar-style":"default","ast-global-header-display":"","ast-banner-title-visibility":"","ast-main-header-display":"","ast-hfb-above-header-display":"","ast-hfb-below-header-display":"","ast-hfb-mobile-header-display":"","site-post-title":"","ast-breadcrumbs-content":"","ast-featured-img":"","footer-sml-layout":"","ast-disable-related-posts":"","theme-transparent-header-meta":"disabled","adv-header-id-meta":"","stick-header-meta":"default","header-above-stick-meta":"","header-main-stick-meta":"","header-below-stick-meta":"","astra-migrate-meta-layouts":"default","ast-page-background-enabled":"default","ast-page-background-meta":{"desktop":{"background-color":"","background-image":"","background-repeat":"repeat","background-position":"center center","background-size":"auto","background-attachment":"scroll","background-type":"","background-media":"","overlay-type":"","overlay-color":"","overlay-opacity":"","overlay-gradient":""},"tablet":{"background-color":"","background-image":"","background-repeat":"repeat","background-position":"center center","background-size":"auto","background-attachment":"scroll","background-type":"","background-media":"","overlay-type":"","overlay-color":"","overlay-opacity":"","overlay-gradient":""},"mobile":{"background-color":"","background-image":"","background-repeat":"repeat","background-position":"center center","background-size":"auto","background-attachment":"scroll","background-type":"","background-media":"","overlay-type":"","overlay-color":"","overlay-opacity":"","overlay-gradient":""}},"ast-content-background-meta":{"desktop":{"background-color":"var(--ast-global-color-5)","background-image":"","background-repeat":"repeat","background-position":"center center","background-size":"auto","background-attachment":"scroll","background-type":"","background-media":"","overlay-type":"","overlay-color":"","overlay-opacity":"","overlay-gradient":""},"tablet":{"background-color":"var(--ast-global-color-5)","background-image":"","background-repeat":"repeat","background-position":"center center","background-size":"auto","background-attachment":"scroll","background-type":"","background-media":"","overlay-type":"","overlay-color":"","overlay-opacity":"","overlay-gradient":""},"mobile":{"background-color":"var(--ast-global-color-5)","background-image":"","background-repeat":"repeat","background-position":"center center","background-size":"auto","background-attachment":"scroll","background-type":"","background-media":"","overlay-type":"","overlay-color":"","overlay-opacity":"","overlay-gradient":""}}},"product_brand":[],"product_cat":[230,115],"product_tag":[42,43],"class_list":{"0":"post-5933","1":"product","2":"type-product","3":"status-publish","4":"has-post-thumbnail","6":"product_cat-colleget-ja-hupparit","7":"product_cat-opel-club-finland","8":"product_tag-college","9":"product_tag-collegepaita","10":"desktop-align-center","11":"tablet-align-center","12":"mobile-align-center","13":"ast-product-gallery-layout-horizontal","14":"ast-product-single-variable","15":"ast-product-tabs-layout-horizontal","17":"first","18":"instock","19":"purchasable","20":"product-type-variable"},"_links":{"self":[{"href":"https:\/\/mainosmerkki.fi\/opel-club-finland\/wp-json\/wp\/v2\/product\/5933","targetHints":{"allow":["GET"]}}],"collection":[{"href":"https:\/\/mainosmerkki.fi\/opel-club-finland\/wp-json\/wp\/v2\/product"}],"about":[{"href":"https:\/\/mainosmerkki.fi\/opel-club-finland\/wp-json\/wp\/v2\/types\/product"}],"wp:featuredmedia":[{"embeddable":true,"href":"https:\/\/mainosmerkki.fi\/opel-club-finland\/wp-json\/wp\/v2\/media\/6110"}],"wp:attachment":[{"href":"https:\/\/mainosmerkki.fi\/opel-club-finland\/wp-json\/wp\/v2\/media?parent=5933"}],"wp:term":[{"taxonomy":"product_brand","embeddable":true,"href":"https:\/\/mainosmerkki.fi\/opel-club-finland\/wp-json\/wp\/v2\/product_brand?post=5933"},{"taxonomy":"product_cat","embeddable":true,"href":"https:\/\/mainosmerkki.fi\/opel-club-finland\/wp-json\/wp\/v2\/product_cat?post=5933"},{"taxonomy":"product_tag","embeddable":true,"href":"https:\/\/mainosmerkki.fi\/opel-club-finland\/wp-json\/wp\/v2\/product_tag?post=5933"}],"curies":[{"name":"wp","href":"https:\/\/api.w.org\/{rel}","templated":true}]}}