{"id":2798,"date":"2020-11-10T21:57:36","date_gmt":"2020-11-10T21:57:36","guid":{"rendered":"https:\/\/mainosmerkki.fi\/tuote\/import-placeholder-for-2555\/"},"modified":"2021-01-25T22:16:24","modified_gmt":"2021-01-25T22:16:24","slug":"fitted-baseball-cap","status":"publish","type":"product","link":"https:\/\/mainosmerkki.fi\/opel-club-finland\/tuote\/fitted-baseball-cap\/","title":{"rendered":"OCF lippis"},"content":{"rendered":"<p>63% Polyesteri, 34% Puuvilla, 3% Elastaani<\/p>\n<p>6 paneelia<\/p>\n<p>Hyv\u00e4n tuntuinen p\u00e4\u00e4hine<\/p>\n<p>Urheilullinen muotoilu<\/p>\n<p>Vahvistettu otsapaneeli<\/p>\n<p>Lipassa 8 rivi\u00e4 tikattua ommelta<\/p>\n<p>Patentoitu kaareva lippa<\/p>\n<p>OCF logobrodeeraus<\/p>\n","protected":false},"excerpt":{"rendered":"<h4><img decoding=\"async\" class=\"alignleft size-medium wp-image-1122\" src=\"https:\/\/mainosmerkki.fi\/opel-club-finland\/wp-content\/uploads\/sites\/4\/2020\/10\/flexfit-logo-300x94.png\" alt=\"Flexfit\" width=\"300\" height=\"94\" srcset=\"https:\/\/mainosmerkki.fi\/opel-club-finland\/wp-content\/uploads\/sites\/4\/2020\/10\/flexfit-logo-300x94.png 300w, https:\/\/mainosmerkki.fi\/opel-club-finland\/wp-content\/uploads\/sites\/4\/2020\/10\/flexfit-logo.png 500w\" sizes=\"(max-width: 300px) 100vw, 300px\" \/><\/h4>\n<p>&nbsp;<\/p>\n<p>&nbsp;<\/p>\n","protected":false},"featured_media":4866,"template":"","meta":{"site-sidebar-layout":"no-sidebar","site-content-layout":"boxed-container","ast-site-content-layout":"default","site-content-style":"default","site-sidebar-style":"default","ast-global-header-display":"","ast-banner-title-visibility":"","ast-main-header-display":"","ast-hfb-above-header-display":"","ast-hfb-below-header-display":"","ast-hfb-mobile-header-display":"","site-post-title":"","ast-breadcrumbs-content":"","ast-featured-img":"","footer-sml-layout":"","ast-disable-related-posts":"","theme-transparent-header-meta":"disabled","adv-header-id-meta":"","stick-header-meta":"default","header-above-stick-meta":"","header-main-stick-meta":"","header-below-stick-meta":"","astra-migrate-meta-layouts":"default","ast-page-background-enabled":"default","ast-page-background-meta":{"desktop":{"background-color":"","background-image":"","background-repeat":"repeat","background-position":"center center","background-size":"auto","background-attachment":"scroll","background-type":"","background-media":"","overlay-type":"","overlay-color":"","overlay-opacity":"","overlay-gradient":""},"tablet":{"background-color":"","background-image":"","background-repeat":"repeat","background-position":"center center","background-size":"auto","background-attachment":"scroll","background-type":"","background-media":"","overlay-type":"","overlay-color":"","overlay-opacity":"","overlay-gradient":""},"mobile":{"background-color":"","background-image":"","background-repeat":"repeat","background-position":"center center","background-size":"auto","background-attachment":"scroll","background-type":"","background-media":"","overlay-type":"","overlay-color":"","overlay-opacity":"","overlay-gradient":""}},"ast-content-background-meta":{"desktop":{"background-color":"var(--ast-global-color-5)","background-image":"","background-repeat":"repeat","background-position":"center center","background-size":"auto","background-attachment":"scroll","background-type":"","background-media":"","overlay-type":"","overlay-color":"","overlay-opacity":"","overlay-gradient":""},"tablet":{"background-color":"var(--ast-global-color-5)","background-image":"","background-repeat":"repeat","background-position":"center center","background-size":"auto","background-attachment":"scroll","background-type":"","background-media":"","overlay-type":"","overlay-color":"","overlay-opacity":"","overlay-gradient":""},"mobile":{"background-color":"var(--ast-global-color-5)","background-image":"","background-repeat":"repeat","background-position":"center center","background-size":"auto","background-attachment":"scroll","background-type":"","background-media":"","overlay-type":"","overlay-color":"","overlay-opacity":"","overlay-gradient":""}}},"product_brand":[],"product_cat":[232,115],"product_tag":[237,52,95],"class_list":{"0":"post-2798","1":"product","2":"type-product","3":"status-publish","4":"has-post-thumbnail","6":"product_cat-lippikset","7":"product_cat-opel-club-finland","8":"product_tag-flexfit","9":"product_tag-flexfit-lippis","10":"product_tag-lippis","11":"desktop-align-center","12":"tablet-align-center","13":"mobile-align-center","14":"ast-product-gallery-layout-horizontal","15":"ast-product-single-variable","16":"ast-product-tabs-layout-horizontal","18":"first","19":"instock","20":"shipping-taxable","21":"purchasable","22":"product-type-variable"},"_links":{"self":[{"href":"https:\/\/mainosmerkki.fi\/opel-club-finland\/wp-json\/wp\/v2\/product\/2798","targetHints":{"allow":["GET"]}}],"collection":[{"href":"https:\/\/mainosmerkki.fi\/opel-club-finland\/wp-json\/wp\/v2\/product"}],"about":[{"href":"https:\/\/mainosmerkki.fi\/opel-club-finland\/wp-json\/wp\/v2\/types\/product"}],"wp:featuredmedia":[{"embeddable":true,"href":"https:\/\/mainosmerkki.fi\/opel-club-finland\/wp-json\/wp\/v2\/media\/4866"}],"wp:attachment":[{"href":"https:\/\/mainosmerkki.fi\/opel-club-finland\/wp-json\/wp\/v2\/media?parent=2798"}],"wp:term":[{"taxonomy":"product_brand","embeddable":true,"href":"https:\/\/mainosmerkki.fi\/opel-club-finland\/wp-json\/wp\/v2\/product_brand?post=2798"},{"taxonomy":"product_cat","embeddable":true,"href":"https:\/\/mainosmerkki.fi\/opel-club-finland\/wp-json\/wp\/v2\/product_cat?post=2798"},{"taxonomy":"product_tag","embeddable":true,"href":"https:\/\/mainosmerkki.fi\/opel-club-finland\/wp-json\/wp\/v2\/product_tag?post=2798"}],"curies":[{"name":"wp","href":"https:\/\/api.w.org\/{rel}","templated":true}]}}