{"id":5685,"date":"2024-03-25T13:15:25","date_gmt":"2024-03-25T11:15:25","guid":{"rendered":"https:\/\/mainosmerkki.fi\/kotospirits\/?post_type=product&#038;p=5685"},"modified":"2024-03-25T13:19:51","modified_gmt":"2024-03-25T11:19:51","slug":"t-paita-aamunkoitos-miehet-normaali","status":"publish","type":"product","link":"https:\/\/mainosmerkki.fi\/kotospirits\/tuote\/t-paita-aamunkoitos-miehet-normaali\/","title":{"rendered":"T-paita &#8211; Aamunkoitos | miehet (normaali)"},"content":{"rendered":"<p><strong>Koe aamunrauhan lumoava kauneus uudella t-paidallamme! T\u00e4m\u00e4 paita vie sinut matkalle aamun valoon, jossa taivaanranta hehkuu heti p\u00e4iv\u00e4n ensimm\u00e4isist\u00e4 s\u00e4teist\u00e4 l\u00e4htien. Sen selke\u00e4 ja kaunis kuvitus kertoo tarinaa luonnon kauneudesta ja rauhasta, mik\u00e4 tekee siit\u00e4 ainutlaatuisen lis\u00e4n jokaisen tyyliin.<\/strong><\/p>\n<p>Materiaali: 100% puuvilla<br \/>\nKoot: S &#8211; 6XL<\/p>\n","protected":false},"excerpt":{"rendered":"<p>Koe aamunrauhan lumoava kauneus uudella t-paidallamme! T\u00e4m\u00e4 paita vie sinut matkalle aamun valoon, jossa taivaanranta hehkuu heti p\u00e4iv\u00e4n ensimm\u00e4isist\u00e4 s\u00e4teist\u00e4 l\u00e4htien. Sen selke\u00e4 ja kaunis kuvitus kertoo tarinaa luonnon kauneudesta ja rauhasta, mik\u00e4 tekee siit\u00e4 ainutlaatuisen lis\u00e4n jokaisen tyyliin. Materiaali: 100% puuvilla Koot: S &#8211; 6XL<\/p>\n","protected":false},"featured_media":5645,"template":"","meta":{"site-sidebar-layout":"no-sidebar","site-content-layout":"boxed-container","ast-site-content-layout":"normal-width-container","site-content-style":"boxed","site-sidebar-style":"boxed","ast-global-header-display":"","ast-banner-title-visibility":"","ast-main-header-display":"","ast-hfb-above-header-display":"","ast-hfb-below-header-display":"","ast-hfb-mobile-header-display":"","site-post-title":"","ast-breadcrumbs-content":"","ast-featured-img":"","footer-sml-layout":"","ast-disable-related-posts":"","theme-transparent-header-meta":"disabled","adv-header-id-meta":"","stick-header-meta":"default","header-above-stick-meta":"","header-main-stick-meta":"","header-below-stick-meta":"","astra-migrate-meta-layouts":"set","ast-page-background-enabled":"default","ast-page-background-meta":{"desktop":{"background-color":"","background-image":"","background-repeat":"repeat","background-position":"center center","background-size":"auto","background-attachment":"scroll","background-type":"","background-media":"","overlay-type":"","overlay-color":"","overlay-opacity":"","overlay-gradient":""},"tablet":{"background-color":"","background-image":"","background-repeat":"repeat","background-position":"center center","background-size":"auto","background-attachment":"scroll","background-type":"","background-media":"","overlay-type":"","overlay-color":"","overlay-opacity":"","overlay-gradient":""},"mobile":{"background-color":"","background-image":"","background-repeat":"repeat","background-position":"center center","background-size":"auto","background-attachment":"scroll","background-type":"","background-media":"","overlay-type":"","overlay-color":"","overlay-opacity":"","overlay-gradient":""}},"ast-content-background-meta":{"desktop":{"background-color":"var(--ast-global-color-5)","background-image":"","background-repeat":"repeat","background-position":"center center","background-size":"auto","background-attachment":"scroll","background-type":"","background-media":"","overlay-type":"","overlay-color":"","overlay-opacity":"","overlay-gradient":""},"tablet":{"background-color":"var(--ast-global-color-5)","background-image":"","background-repeat":"repeat","background-position":"center center","background-size":"auto","background-attachment":"scroll","background-type":"","background-media":"","overlay-type":"","overlay-color":"","overlay-opacity":"","overlay-gradient":""},"mobile":{"background-color":"var(--ast-global-color-5)","background-image":"","background-repeat":"repeat","background-position":"center center","background-size":"auto","background-attachment":"scroll","background-type":"","background-media":"","overlay-type":"","overlay-color":"","overlay-opacity":"","overlay-gradient":""}}},"product_brand":[],"product_cat":[15],"product_tag":[232],"class_list":{"0":"post-5685","1":"product","2":"type-product","3":"status-publish","4":"has-post-thumbnail","6":"product_cat-yleinen","7":"product_tag-t-paita","8":"desktop-align-left","9":"tablet-align-left","10":"mobile-align-left","11":"ast-product-gallery-layout-horizontal","12":"ast-product-gallery-with-no-image","13":"ast-product-single-variable","14":"ast-product-tabs-layout-horizontal","16":"first","17":"instock","18":"taxable","19":"shipping-taxable","20":"purchasable","21":"product-type-variable"},"_links":{"self":[{"href":"https:\/\/mainosmerkki.fi\/kotospirits\/wp-json\/wp\/v2\/product\/5685","targetHints":{"allow":["GET"]}}],"collection":[{"href":"https:\/\/mainosmerkki.fi\/kotospirits\/wp-json\/wp\/v2\/product"}],"about":[{"href":"https:\/\/mainosmerkki.fi\/kotospirits\/wp-json\/wp\/v2\/types\/product"}],"wp:featuredmedia":[{"embeddable":true,"href":"https:\/\/mainosmerkki.fi\/kotospirits\/wp-json\/wp\/v2\/media\/5645"}],"wp:attachment":[{"href":"https:\/\/mainosmerkki.fi\/kotospirits\/wp-json\/wp\/v2\/media?parent=5685"}],"wp:term":[{"taxonomy":"product_brand","embeddable":true,"href":"https:\/\/mainosmerkki.fi\/kotospirits\/wp-json\/wp\/v2\/product_brand?post=5685"},{"taxonomy":"product_cat","embeddable":true,"href":"https:\/\/mainosmerkki.fi\/kotospirits\/wp-json\/wp\/v2\/product_cat?post=5685"},{"taxonomy":"product_tag","embeddable":true,"href":"https:\/\/mainosmerkki.fi\/kotospirits\/wp-json\/wp\/v2\/product_tag?post=5685"}],"curies":[{"name":"wp","href":"https:\/\/api.w.org\/{rel}","templated":true}]}}