{"id":5647,"date":"2024-03-25T12:59:08","date_gmt":"2024-03-25T10:59:08","guid":{"rendered":"https:\/\/mainosmerkki.fi\/kotospirits\/?post_type=product&#038;p=5647"},"modified":"2024-03-25T13:03:41","modified_gmt":"2024-03-25T11:03:41","slug":"kangaskassi-aamunkoitos","status":"publish","type":"product","link":"https:\/\/mainosmerkki.fi\/kotospirits\/tuote\/kangaskassi-aamunkoitos\/","title":{"rendered":"Kangaskassi &#8211; Aamunkoitos"},"content":{"rendered":"<p><strong>Tervetuloa kokemaan aamurauhan lumoava kauneus uudella KOTO Spirits -kangaskassillamme!<br \/>\nLent\u00e4v\u00e4t linnut korostavat luonnon harmoniaa ja vapautta, tarjoten hetken rauhaa keskell\u00e4 kiireist\u00e4 arkea.<\/strong><\/p>\n<p>Materiaali: 100% puuvilla<br \/>\nKoko: 38 x 42 cm<\/p>\n","protected":false},"excerpt":{"rendered":"<p>Tervetuloa kokemaan aamurauhan lumoava kauneus uudella KOTO Spirits -kangaskassillamme! Lent\u00e4v\u00e4t linnut korostavat luonnon harmoniaa ja vapautta, tarjoten hetken rauhaa keskell\u00e4 kiireist\u00e4 arkea. Materiaali: 100% puuvilla Koko: 38 x 42 cm<\/p>\n","protected":false},"featured_media":5640,"template":"","meta":{"site-sidebar-layout":"no-sidebar","site-content-layout":"boxed-container","ast-site-content-layout":"normal-width-container","site-content-style":"boxed","site-sidebar-style":"boxed","ast-global-header-display":"","ast-banner-title-visibility":"","ast-main-header-display":"","ast-hfb-above-header-display":"","ast-hfb-below-header-display":"","ast-hfb-mobile-header-display":"","site-post-title":"","ast-breadcrumbs-content":"","ast-featured-img":"","footer-sml-layout":"","ast-disable-related-posts":"","theme-transparent-header-meta":"disabled","adv-header-id-meta":"","stick-header-meta":"default","header-above-stick-meta":"","header-main-stick-meta":"","header-below-stick-meta":"","astra-migrate-meta-layouts":"set","ast-page-background-enabled":"default","ast-page-background-meta":{"desktop":{"background-color":"","background-image":"","background-repeat":"repeat","background-position":"center center","background-size":"auto","background-attachment":"scroll","background-type":"","background-media":"","overlay-type":"","overlay-color":"","overlay-opacity":"","overlay-gradient":""},"tablet":{"background-color":"","background-image":"","background-repeat":"repeat","background-position":"center center","background-size":"auto","background-attachment":"scroll","background-type":"","background-media":"","overlay-type":"","overlay-color":"","overlay-opacity":"","overlay-gradient":""},"mobile":{"background-color":"","background-image":"","background-repeat":"repeat","background-position":"center center","background-size":"auto","background-attachment":"scroll","background-type":"","background-media":"","overlay-type":"","overlay-color":"","overlay-opacity":"","overlay-gradient":""}},"ast-content-background-meta":{"desktop":{"background-color":"var(--ast-global-color-5)","background-image":"","background-repeat":"repeat","background-position":"center center","background-size":"auto","background-attachment":"scroll","background-type":"","background-media":"","overlay-type":"","overlay-color":"","overlay-opacity":"","overlay-gradient":""},"tablet":{"background-color":"var(--ast-global-color-5)","background-image":"","background-repeat":"repeat","background-position":"center center","background-size":"auto","background-attachment":"scroll","background-type":"","background-media":"","overlay-type":"","overlay-color":"","overlay-opacity":"","overlay-gradient":""},"mobile":{"background-color":"var(--ast-global-color-5)","background-image":"","background-repeat":"repeat","background-position":"center center","background-size":"auto","background-attachment":"scroll","background-type":"","background-media":"","overlay-type":"","overlay-color":"","overlay-opacity":"","overlay-gradient":""}}},"product_brand":[],"product_cat":[15],"product_tag":[291,290],"class_list":{"0":"post-5647","1":"product","2":"type-product","3":"status-publish","4":"has-post-thumbnail","6":"product_cat-yleinen","7":"product_tag-kangaskassi","8":"product_tag-kassi","9":"desktop-align-left","10":"tablet-align-left","11":"mobile-align-left","12":"ast-product-gallery-layout-horizontal","13":"ast-product-gallery-with-no-image","14":"ast-product-tabs-layout-horizontal","16":"first","17":"instock","18":"taxable","19":"shipping-taxable","20":"purchasable","21":"product-type-simple"},"_links":{"self":[{"href":"https:\/\/mainosmerkki.fi\/kotospirits\/wp-json\/wp\/v2\/product\/5647","targetHints":{"allow":["GET"]}}],"collection":[{"href":"https:\/\/mainosmerkki.fi\/kotospirits\/wp-json\/wp\/v2\/product"}],"about":[{"href":"https:\/\/mainosmerkki.fi\/kotospirits\/wp-json\/wp\/v2\/types\/product"}],"wp:featuredmedia":[{"embeddable":true,"href":"https:\/\/mainosmerkki.fi\/kotospirits\/wp-json\/wp\/v2\/media\/5640"}],"wp:attachment":[{"href":"https:\/\/mainosmerkki.fi\/kotospirits\/wp-json\/wp\/v2\/media?parent=5647"}],"wp:term":[{"taxonomy":"product_brand","embeddable":true,"href":"https:\/\/mainosmerkki.fi\/kotospirits\/wp-json\/wp\/v2\/product_brand?post=5647"},{"taxonomy":"product_cat","embeddable":true,"href":"https:\/\/mainosmerkki.fi\/kotospirits\/wp-json\/wp\/v2\/product_cat?post=5647"},{"taxonomy":"product_tag","embeddable":true,"href":"https:\/\/mainosmerkki.fi\/kotospirits\/wp-json\/wp\/v2\/product_tag?post=5647"}],"curies":[{"name":"wp","href":"https:\/\/api.w.org\/{rel}","templated":true}]}}