{"id":5469,"date":"2022-12-14T10:38:44","date_gmt":"2022-12-14T08:38:44","guid":{"rendered":"https:\/\/mainosmerkki.fi\/kotospirits\/?post_type=product&#038;p=5469"},"modified":"2024-08-29T14:01:24","modified_gmt":"2024-08-29T11:01:24","slug":"lippis","status":"publish","type":"product","link":"https:\/\/mainosmerkki.fi\/kotospirits\/tuote\/lippis\/","title":{"rendered":"Lippis"},"content":{"rendered":"<p><strong>T\u00e4m\u00e4 lippis venyy ja muotoutuu p\u00e4\u00e4h\u00e4n kuin p\u00e4\u00e4h\u00e4n. Oletpa sitten iso- tai pienip\u00e4inen, niin t\u00e4m\u00e4 tuote muotoutuu p\u00e4\u00e4h\u00e4si takuuvarmasti. Tikattu kangasmerkki tuo arvokkaan viimeistelyn p\u00e4\u00e4llesi.\u00a0<\/strong><\/p>\n<p>Materiaali: 63% polyesteri, 34% puuvilla, 3% elastaani<br \/>\nKoot: S\/M ja L\/XL<\/p>\n","protected":false},"excerpt":{"rendered":"<p>T\u00e4m\u00e4 lippis venyy ja muotoutuu p\u00e4\u00e4h\u00e4n kuin p\u00e4\u00e4h\u00e4n. Oletpa sitten iso- tai pienip\u00e4inen, niin t\u00e4m\u00e4 tuote muotoutuu p\u00e4\u00e4h\u00e4si takuuvarmasti. Tikattu kangasmerkki tuo arvokkaan viimeistelyn p\u00e4\u00e4llesi.\u00a0 Materiaali: 63% polyesteri, 34% puuvilla, 3% elastaani Koot: S\/M ja L\/XL<\/p>\n","protected":false},"featured_media":5441,"template":"","meta":{"site-sidebar-layout":"no-sidebar","site-content-layout":"boxed-container","ast-site-content-layout":"normal-width-container","site-content-style":"boxed","site-sidebar-style":"boxed","ast-global-header-display":"","ast-banner-title-visibility":"","ast-main-header-display":"","ast-hfb-above-header-display":"","ast-hfb-below-header-display":"","ast-hfb-mobile-header-display":"","site-post-title":"","ast-breadcrumbs-content":"","ast-featured-img":"","footer-sml-layout":"","ast-disable-related-posts":"","theme-transparent-header-meta":"disabled","adv-header-id-meta":"","stick-header-meta":"default","header-above-stick-meta":"","header-main-stick-meta":"","header-below-stick-meta":"","astra-migrate-meta-layouts":"set","ast-page-background-enabled":"default","ast-page-background-meta":{"desktop":{"background-color":"","background-image":"","background-repeat":"repeat","background-position":"center center","background-size":"auto","background-attachment":"scroll","background-type":"","background-media":"","overlay-type":"","overlay-color":"","overlay-opacity":"","overlay-gradient":""},"tablet":{"background-color":"","background-image":"","background-repeat":"repeat","background-position":"center center","background-size":"auto","background-attachment":"scroll","background-type":"","background-media":"","overlay-type":"","overlay-color":"","overlay-opacity":"","overlay-gradient":""},"mobile":{"background-color":"","background-image":"","background-repeat":"repeat","background-position":"center center","background-size":"auto","background-attachment":"scroll","background-type":"","background-media":"","overlay-type":"","overlay-color":"","overlay-opacity":"","overlay-gradient":""}},"ast-content-background-meta":{"desktop":{"background-color":"var(--ast-global-color-5)","background-image":"","background-repeat":"repeat","background-position":"center center","background-size":"auto","background-attachment":"scroll","background-type":"","background-media":"","overlay-type":"","overlay-color":"","overlay-opacity":"","overlay-gradient":""},"tablet":{"background-color":"var(--ast-global-color-5)","background-image":"","background-repeat":"repeat","background-position":"center center","background-size":"auto","background-attachment":"scroll","background-type":"","background-media":"","overlay-type":"","overlay-color":"","overlay-opacity":"","overlay-gradient":""},"mobile":{"background-color":"var(--ast-global-color-5)","background-image":"","background-repeat":"repeat","background-position":"center center","background-size":"auto","background-attachment":"scroll","background-type":"","background-media":"","overlay-type":"","overlay-color":"","overlay-opacity":"","overlay-gradient":""}}},"product_brand":[],"product_cat":[15],"product_tag":[292,293,95,294],"class_list":{"0":"post-5469","1":"product","2":"type-product","3":"status-publish","4":"has-post-thumbnail","6":"product_cat-yleinen","7":"product_tag-flexfit","8":"product_tag-lippalakki","9":"product_tag-lippis","10":"product_tag-suoralippa","11":"desktop-align-left","12":"tablet-align-left","13":"mobile-align-left","14":"ast-product-gallery-layout-horizontal","15":"ast-product-gallery-with-no-image","16":"ast-product-single-variable","17":"ast-product-tabs-layout-horizontal","19":"first","20":"instock","21":"taxable","22":"shipping-taxable","23":"purchasable","24":"product-type-variable"},"_links":{"self":[{"href":"https:\/\/mainosmerkki.fi\/kotospirits\/wp-json\/wp\/v2\/product\/5469","targetHints":{"allow":["GET"]}}],"collection":[{"href":"https:\/\/mainosmerkki.fi\/kotospirits\/wp-json\/wp\/v2\/product"}],"about":[{"href":"https:\/\/mainosmerkki.fi\/kotospirits\/wp-json\/wp\/v2\/types\/product"}],"wp:featuredmedia":[{"embeddable":true,"href":"https:\/\/mainosmerkki.fi\/kotospirits\/wp-json\/wp\/v2\/media\/5441"}],"wp:attachment":[{"href":"https:\/\/mainosmerkki.fi\/kotospirits\/wp-json\/wp\/v2\/media?parent=5469"}],"wp:term":[{"taxonomy":"product_brand","embeddable":true,"href":"https:\/\/mainosmerkki.fi\/kotospirits\/wp-json\/wp\/v2\/product_brand?post=5469"},{"taxonomy":"product_cat","embeddable":true,"href":"https:\/\/mainosmerkki.fi\/kotospirits\/wp-json\/wp\/v2\/product_cat?post=5469"},{"taxonomy":"product_tag","embeddable":true,"href":"https:\/\/mainosmerkki.fi\/kotospirits\/wp-json\/wp\/v2\/product_tag?post=5469"}],"curies":[{"name":"wp","href":"https:\/\/api.w.org\/{rel}","templated":true}]}}