{"id":5458,"date":"2022-12-14T10:24:38","date_gmt":"2022-12-14T08:24:38","guid":{"rendered":"https:\/\/mainosmerkki.fi\/kotospirits\/?post_type=product&#038;p=5458"},"modified":"2024-03-25T13:26:01","modified_gmt":"2024-03-25T11:26:01","slug":"t-paita-naiset-slim-fit","status":"publish","type":"product","link":"https:\/\/mainosmerkki.fi\/kotospirits\/tuote\/t-paita-naiset-slim-fit\/","title":{"rendered":"T-paita | naiset (slim-fit)"},"content":{"rendered":"<p><strong>Paita my\u00f6s niille, jotka haluavat hieman istuvampaa tyyli\u00e4. Tyylik\u00e4s paita ja siin\u00e4 upea KOTO-logo. T\u00e4ss\u00e4 paita mink\u00e4 voi laittaa p\u00e4\u00e4lleen vaikka juhlavampaankin tilaisuuteen. <\/strong><\/p>\n<p>Materiaali: 100% puuvilla<br \/>\nKoot: S &#8211; 4XL<\/p>\n","protected":false},"excerpt":{"rendered":"<p>Paita my\u00f6s niille, jotka haluavat hieman istuvampaa tyyli\u00e4. Tyylik\u00e4s paita ja siin\u00e4 upea KOTO-logo. T\u00e4ss\u00e4 paita mink\u00e4 voi laittaa p\u00e4\u00e4lleen vaikka juhlavampaankin tilaisuuteen. Materiaali: 100% puuvilla Koot: S &#8211; 4XL<\/p>\n","protected":false},"featured_media":5506,"template":"","meta":{"site-sidebar-layout":"no-sidebar","site-content-layout":"boxed-container","ast-site-content-layout":"normal-width-container","site-content-style":"boxed","site-sidebar-style":"boxed","ast-global-header-display":"","ast-banner-title-visibility":"","ast-main-header-display":"","ast-hfb-above-header-display":"","ast-hfb-below-header-display":"","ast-hfb-mobile-header-display":"","site-post-title":"","ast-breadcrumbs-content":"","ast-featured-img":"","footer-sml-layout":"","ast-disable-related-posts":"","theme-transparent-header-meta":"disabled","adv-header-id-meta":"","stick-header-meta":"default","header-above-stick-meta":"","header-main-stick-meta":"","header-below-stick-meta":"","astra-migrate-meta-layouts":"set","ast-page-background-enabled":"default","ast-page-background-meta":{"desktop":{"background-color":"","background-image":"","background-repeat":"repeat","background-position":"center center","background-size":"auto","background-attachment":"scroll","background-type":"","background-media":"","overlay-type":"","overlay-color":"","overlay-opacity":"","overlay-gradient":""},"tablet":{"background-color":"","background-image":"","background-repeat":"repeat","background-position":"center center","background-size":"auto","background-attachment":"scroll","background-type":"","background-media":"","overlay-type":"","overlay-color":"","overlay-opacity":"","overlay-gradient":""},"mobile":{"background-color":"","background-image":"","background-repeat":"repeat","background-position":"center center","background-size":"auto","background-attachment":"scroll","background-type":"","background-media":"","overlay-type":"","overlay-color":"","overlay-opacity":"","overlay-gradient":""}},"ast-content-background-meta":{"desktop":{"background-color":"var(--ast-global-color-5)","background-image":"","background-repeat":"repeat","background-position":"center center","background-size":"auto","background-attachment":"scroll","background-type":"","background-media":"","overlay-type":"","overlay-color":"","overlay-opacity":"","overlay-gradient":""},"tablet":{"background-color":"var(--ast-global-color-5)","background-image":"","background-repeat":"repeat","background-position":"center center","background-size":"auto","background-attachment":"scroll","background-type":"","background-media":"","overlay-type":"","overlay-color":"","overlay-opacity":"","overlay-gradient":""},"mobile":{"background-color":"var(--ast-global-color-5)","background-image":"","background-repeat":"repeat","background-position":"center center","background-size":"auto","background-attachment":"scroll","background-type":"","background-media":"","overlay-type":"","overlay-color":"","overlay-opacity":"","overlay-gradient":""}}},"product_brand":[],"product_cat":[15],"product_tag":[232],"class_list":{"0":"post-5458","1":"product","2":"type-product","3":"status-publish","4":"has-post-thumbnail","6":"product_cat-yleinen","7":"product_tag-t-paita","8":"desktop-align-left","9":"tablet-align-left","10":"mobile-align-left","11":"ast-product-gallery-layout-horizontal","12":"ast-product-single-variable","13":"ast-product-tabs-layout-horizontal","15":"first","16":"instock","17":"taxable","18":"shipping-taxable","19":"purchasable","20":"product-type-variable"},"_links":{"self":[{"href":"https:\/\/mainosmerkki.fi\/kotospirits\/wp-json\/wp\/v2\/product\/5458","targetHints":{"allow":["GET"]}}],"collection":[{"href":"https:\/\/mainosmerkki.fi\/kotospirits\/wp-json\/wp\/v2\/product"}],"about":[{"href":"https:\/\/mainosmerkki.fi\/kotospirits\/wp-json\/wp\/v2\/types\/product"}],"wp:featuredmedia":[{"embeddable":true,"href":"https:\/\/mainosmerkki.fi\/kotospirits\/wp-json\/wp\/v2\/media\/5506"}],"wp:attachment":[{"href":"https:\/\/mainosmerkki.fi\/kotospirits\/wp-json\/wp\/v2\/media?parent=5458"}],"wp:term":[{"taxonomy":"product_brand","embeddable":true,"href":"https:\/\/mainosmerkki.fi\/kotospirits\/wp-json\/wp\/v2\/product_brand?post=5458"},{"taxonomy":"product_cat","embeddable":true,"href":"https:\/\/mainosmerkki.fi\/kotospirits\/wp-json\/wp\/v2\/product_cat?post=5458"},{"taxonomy":"product_tag","embeddable":true,"href":"https:\/\/mainosmerkki.fi\/kotospirits\/wp-json\/wp\/v2\/product_tag?post=5458"}],"curies":[{"name":"wp","href":"https:\/\/api.w.org\/{rel}","templated":true}]}}