{"id":4305,"date":"2020-09-28T08:47:04","date_gmt":"2020-09-28T08:47:04","guid":{"rendered":"https:\/\/mainosmerkki.fi\/?page_id=3"},"modified":"2022-08-02T13:46:27","modified_gmt":"2022-08-02T10:46:27","slug":"rekisteri-ja-tietosuojaseloste","status":"publish","type":"page","link":"https:\/\/mainosmerkki.fi\/kotospirits\/rekisteri-ja-tietosuojaseloste\/","title":{"rendered":"Rekisteri- ja tietosuojaseloste"},"content":{"rendered":"\t\t<div data-elementor-type=\"wp-page\" data-elementor-id=\"4305\" class=\"elementor elementor-4305\" data-elementor-post-type=\"page\">\n\t\t\t\t\t\t<section class=\"elementor-section elementor-top-section elementor-element elementor-element-952a151 elementor-section-boxed elementor-section-height-default elementor-section-height-default\" data-id=\"952a151\" data-element_type=\"section\" data-e-type=\"section\">\n\t\t\t\t\t\t<div class=\"elementor-container elementor-column-gap-default\">\n\t\t\t\t\t<div class=\"elementor-column elementor-col-100 elementor-top-column elementor-element elementor-element-39b8183\" data-id=\"39b8183\" data-element_type=\"column\" data-e-type=\"column\">\n\t\t\t<div class=\"elementor-widget-wrap elementor-element-populated\">\n\t\t\t\t\t\t<div class=\"elementor-element elementor-element-733b50c elementor-widget elementor-widget-heading\" data-id=\"733b50c\" data-element_type=\"widget\" data-e-type=\"widget\" data-widget_type=\"heading.default\">\n\t\t\t\t<div class=\"elementor-widget-container\">\n\t\t\t\t\t<h2 class=\"elementor-heading-title elementor-size-default\">Rekisteri- ja tietosuojaseloste<\/h2>\t\t\t\t<\/div>\n\t\t\t\t<\/div>\n\t\t\t\t\t<\/div>\n\t\t<\/div>\n\t\t\t\t\t<\/div>\n\t\t<\/section>\n\t\t\t\t<section class=\"elementor-section elementor-top-section elementor-element elementor-element-682c1302 elementor-section-boxed elementor-section-height-default elementor-section-height-default\" data-id=\"682c1302\" data-element_type=\"section\" data-e-type=\"section\">\n\t\t\t\t\t\t<div class=\"elementor-container elementor-column-gap-default\">\n\t\t\t\t\t<div class=\"elementor-column elementor-col-100 elementor-top-column elementor-element elementor-element-278f9d12\" data-id=\"278f9d12\" data-element_type=\"column\" data-e-type=\"column\">\n\t\t\t<div class=\"elementor-widget-wrap elementor-element-populated\">\n\t\t\t\t\t\t<div class=\"elementor-element elementor-element-1c2bd5a8 elementor-widget elementor-widget-text-editor\" data-id=\"1c2bd5a8\" data-element_type=\"widget\" data-e-type=\"widget\" data-widget_type=\"text-editor.default\">\n\t\t\t\t<div class=\"elementor-widget-container\">\n\t\t\t\t\t\t\t\t\t<p><\/p>\n<p>T\u00e4m\u00e4 on Suomen Mainosmerkki Oy:n henkil\u00f6tietolain (10 ja 24 \u00a7) ja EU:n yleisen tietosuoja-asetuksen (GDPR) mukainen rekisteri- ja tietosuojaseloste.<\/p>\n<p>Laadittu 1.10.2020.<\/p>\n<p><\/p>\n<p><\/p>\n<h3 class=\"wp-block-heading\">1. REKISTERINPIT\u00c4J\u00c4<\/h3>\n<p><\/p>\n<p><\/p>\n<p>Suomen Mainosmerkki Oy<br \/>Kivikontie 2<br \/>05460 Hyvink\u00e4\u00e4<br \/>Puhelin: 040 587 9152<br \/>S\u00e4hk\u00f6posti: kauppa@mainosmerkki.fi<\/p>\n<p><\/p>\n<p><\/p>\n<p><\/p>\n<h3 class=\"wp-block-heading\">2. REKISTERIST\u00c4 VASTAAVA YHTEYSHENKIL\u00d6<\/h3>\n<p><\/p>\n<p><\/p>\n<p>Rekisterivastaava<br \/>Puhelin: 040 587 9152<br \/>S\u00e4hk\u00f6posti: kauppa@mainosmerkki.fi<\/p>\n<p><\/p>\n<p><\/p>\n<h3 class=\"wp-block-heading\">3. REKISTERIN NIMI<\/h3>\n<p>Yrityksen asiakasrekisteri, markkinointirekisteri<\/p>\n<p><\/p>\n<p><\/p>\n<p><\/p>\n<p><\/p>\n<h3 class=\"wp-block-heading\">4. OIKEUSPERUSTE JA HENKIL\u00d6TIETOJEN K\u00c4SITTELYN TARKOITUS<\/h3>\n<p><\/p>\n<p><\/p>\n<p>EU:n yleisen tietosuoja-asetuksen mukainen oikeusperuste henkil\u00f6tietojen k\u00e4sittelylle on<br \/>\u2013 henkil\u00f6n suostumus (dokumentoitu, vapaaehtoinen, yksil\u00f6ity, tietoinen ja yksiselitteinen)<br \/>\u2013 sopimus, jossa rekister\u00f6ity on osapuolena<br \/>\u2013 julkisen teht\u00e4v\u00e4n hoitaminen (mihin perustuu), tai<br \/>\u2013 rekisterinpit\u00e4j\u00e4n oikeutettu etu (esim. asiakassuhde, ty\u00f6suhde, j\u00e4senyys).<\/p>\n<p>Henkil\u00f6tietojen k\u00e4sittelyn tarkoitus on yhteydenpito asiakkaisiin, asiakassuhteen yll\u00e4pito sek\u00e4 markkinointi.<\/p>\n<p>Tietoja ei k\u00e4ytet\u00e4 automatisoituun p\u00e4\u00e4t\u00f6ksentekoon tai profilointiin.<\/p>\n<h3>5. REKISTERIN TIETOSIS\u00c4LT\u00d6<\/h3>\n<p><\/p>\n<p><\/p>\n<p><\/p>\n<p>Rekisteriin tallennettavia tietoja voivat olla: yritys\/organisaatio, s\u00e4hk\u00f6postiosoite, puhelinnumero, osoite, www-sivustojen osoitteet, tiedot tilatuista palveluista ja niiden muutoksista, laskutustiedot, muut asiakassuhteeseen ja tilattuihin palveluihin liittyv\u00e4t tiedot.<\/p>\n<p>www-lomakkeilla l\u00e4hetetyist\u00e4 viesteist\u00e4 ei tallenneta tietoa mihink\u00e4\u00e4n tietokantaan, vaan niist\u00e4 l\u00e4htee viesti pelk\u00e4st\u00e4\u00e4n yhteen s\u00e4hk\u00f6postiosoitteeseen.<\/p>\n<p>Verkkokaupassa tehdyist\u00e4 tilauksista tallentuu tieto WooCommerce-kaupan tietokantaan. Sivuston tietokannasta kuitenkin poistetaan kaikki tilauksen henkil\u00f6kohtaiset tiedot automaattisesti n. 30 p\u00e4iv\u00e4n j\u00e4lkeen tilauksesta.<\/p>\n<h3>6. S\u00c4\u00c4NN\u00d6NMUKAISET TIETOL\u00c4HTEET<\/h3>\n<p><\/p>\n<p><\/p>\n<p>Rekisteriin mahdollisesti tallennettavat tiedot saadaan asiakkaalta mm. www-lomakkeilla l\u00e4hetetyist\u00e4 viesteist\u00e4, s\u00e4hk\u00f6postitse, puhelimitse, sosiaalisen median palvelujen kautta, sopimuksista, asiakastapaamisista ja muista tilanteista, joissa asiakas luovuttaa tietojaan.<\/p>\n<p><\/p>\n<p><\/p>\n<h3 class=\"wp-block-heading\">7. TIETOJEN S\u00c4ILYTYSAIKA<\/h3>\n<p><\/p>\n<p><\/p>\n<p>Asiakastiedot ovat laskutusohjelmassa, CRM:ss\u00e4 ja osa postin palvelussa. Asiakastietoja s\u00e4ilytet\u00e4\u00e4n maksimissaan 5 vuotta. Asiakastiedot poistuvat verkkokaupan j\u00e4rjestelm\u00e4st\u00e4 30 p\u00e4iv\u00e4n kuluessa tarjouspyynn\u00f6st\u00e4.<\/p>\n<p><\/p>\n<p><\/p>\n<h3 class=\"wp-block-heading\">8. TIETOJEN S\u00c4\u00c4NN\u00d6NMUKAISET LUOVUTUKSET JA TIETOJEN SIIRTO EU:N TAI ETA:N ULKOPUOLELLE<\/h3>\n<p>Tietoja ei luovuteta s\u00e4\u00e4nn\u00f6nmukaisesti muille tahoille. Tietoja voidaan julkaista silt\u00e4 osin kuin niin on sovittu asiakkaan kanssa.<br \/>Tietoja voidaan siirt\u00e4\u00e4 rekisterinpit\u00e4j\u00e4n toimesta my\u00f6s EU:n tai ETA:n ulkopuolelle.<br \/>Henkil\u00f6tietoja ei koskaan luovuteta eri tahoille.<\/p>\n<p><\/p>\n<p><\/p>\n<h3 class=\"wp-block-heading\">9. REKISTERIN SUOJAUKSEN PERIAATTEET<\/h3>\n<p>Rekisterin k\u00e4sittelyss\u00e4 noudatetaan huolellisuutta ja tietoj\u00e4rjestelmien avulla k\u00e4sitelt\u00e4v\u00e4t tiedot suojataan asianmukaisesti. Kun rekisteritietoja s\u00e4ilytet\u00e4\u00e4n Internet-palvelimilla, niiden laitteiston fyysisest\u00e4 ja digitaalisesta tietoturvasta huolehditaan asiaankuuluvasti. Rekisterinpit\u00e4j\u00e4 huolehtii siit\u00e4, ett\u00e4 tallennettuja tietoja sek\u00e4 palvelimien k\u00e4ytt\u00f6oikeuksia ja muita henkil\u00f6tietojen turvallisuuden kannalta kriittisi\u00e4 tietoja k\u00e4sitell\u00e4\u00e4n luottamuksellisesti ja vain niiden ty\u00f6ntekij\u00f6iden toimesta, joiden ty\u00f6nkuvaan se kuuluu.<\/p>\n<p><\/p>\n<p><\/p>\n<h3 class=\"wp-block-heading\">10. TARKASTUSOIKEUS JA OIKEUS VAATIA TIEDON KORJAAMISTA<\/h3>\n<p>Jokaisella rekisteriss\u00e4 olevalla henkil\u00f6ll\u00e4 on oikeus tarkistaa rekisteriin tallennetut tietonsa ja vaatia mahdollisen virheellisen tiedon korjaamista tai puutteellisen tiedon t\u00e4ydent\u00e4mist\u00e4. Mik\u00e4li henkil\u00f6 haluaa tarkistaa h\u00e4nest\u00e4 tallennetut tiedot tai vaatia niihin oikaisua, pyynt\u00f6 tulee l\u00e4hett\u00e4\u00e4 kirjallisesti (Osoite kohdassa 1. Rekisterinpit\u00e4j\u00e4) rekisterinpit\u00e4j\u00e4lle. Rekisterinpit\u00e4j\u00e4 voi pyyt\u00e4\u00e4 tarvittaessa pyynn\u00f6n esitt\u00e4j\u00e4\u00e4 todistamaan henkil\u00f6llisyytens\u00e4. Rekisterinpit\u00e4j\u00e4 vastaa asiakkaalle EU:n tietosuoja-asetuksessa s\u00e4\u00e4detyss\u00e4 ajassa (p\u00e4\u00e4s\u00e4\u00e4nt\u00f6isesti kuukauden kuluessa).<\/p>\n<p><\/p>\n<p><\/p>\n<h3 class=\"wp-block-heading\">11. MUUT HENKIL\u00d6TIETOJEN K\u00c4SITTELYYN LIITTYV\u00c4T OIKEUDET<\/h3>\n<p>Rekisteriss\u00e4 olevalla henkil\u00f6ll\u00e4 on oikeus pyyt\u00e4\u00e4 h\u00e4nt\u00e4 koskevien henkil\u00f6tietojen poistamiseen rekisterist\u00e4 (\u201doikeus tulla unohdetuksi\u201d). Niin ik\u00e4\u00e4n rekister\u00f6idyill\u00e4 on muut EU:n yleisen tietosuoja-asetuksen mukaiset oikeudet kuten henkil\u00f6tietojen k\u00e4sittelyn rajoittaminen tietyiss\u00e4 tilanteissa. Pyynn\u00f6t tulee l\u00e4hett\u00e4\u00e4 kirjallisesti (Osoite kohdassa 1. Rekisterinpit\u00e4j\u00e4) rekisterinpit\u00e4j\u00e4lle. Rekisterinpit\u00e4j\u00e4 voi pyyt\u00e4\u00e4 tarvittaessa pyynn\u00f6n esitt\u00e4j\u00e4\u00e4 todistamaan henkil\u00f6llisyytens\u00e4. Rekisterinpit\u00e4j\u00e4 vastaa asiakkaalle EU:n tietosuoja-asetuksessa s\u00e4\u00e4detyss\u00e4 ajassa (p\u00e4\u00e4s\u00e4\u00e4nt\u00f6isesti kuukauden kuluessa).<\/p>\n<p><\/p>\n<p><\/p>\n<h5 class=\"wp-block-heading\">SIVUSTOLLA K\u00c4YTETT\u00c4V\u00c4T LIS\u00c4OSAT JA ULKOISET ELEMENTIT<\/h5>\n<p>ACTIVECAMPAIGN: ActiveCampaign-markkinointity\u00f6kalun avulla ker\u00e4\u00e4mme uutiskirjelistaa. Listalle voi liitty\u00e4 liittymislomakkeen kautta kuka tahansa vastaanottaakseen uutiskirjeit\u00e4 ja mainoksia. Jos listalta haluaa poistua, se onnistuu milloin tahansa klikkaamalla s\u00e4hk\u00f6postiviestiss\u00e4 olevaa \u201dUnsubscribe\/Poistu listalta\u201d -linkki\u00e4. Ilmoitetut tiedot tallennetaan ActiveCampaignin sis\u00e4lle, mutta pyyt\u00e4m\u00e4ll\u00e4 poistoa listalta kaikki tiedot pyydett\u00e4v\u00e4lt\u00e4 henkil\u00f6lt\u00e4 poistetaan.<\/p>\n<p>GOOGLE ANALYTICS: Sivuston seurantaan k\u00e4yt\u00e4mme Google Analytics -palvelua. Seurannan tarkoituksena on ker\u00e4t\u00e4 tilastotietoa esimerkiksi sivun k\u00e4vij\u00e4m\u00e4\u00e4r\u00e4st\u00e4 sek\u00e4 suosituimmista sis\u00e4ll\u00f6ist\u00e4.<\/p>\n<p>GOOGLE FONT API: Sivusto hakee k\u00e4ytett\u00e4v\u00e4n fontin suoraan Googlen palvelimilta.<\/p>\n<p>GOOGLE reCAPTHA: Yhteydenlotto- ja muut lomakkeet tarkistetaan Googlen reCatpcha-palvelun avulla, mik\u00e4 tallentaa ev\u00e4steit\u00e4. reCaptcha auttaa mit\u00e4t\u00f6im\u00e4\u00e4n bottien l\u00e4hett\u00e4mi\u00e4 viestej\u00e4.<\/p>\n<p>FACEBOOK: Sivustolla on k\u00e4yt\u00f6ss\u00e4 Facebook-feed, joka n\u00e4ytt\u00e4\u00e4 Facebook-sivun uusimmat artikkelit sek\u00e4 mm. informaatiota tykk\u00e4\u00e4jist\u00e4.<\/p>\n<p>CONTACT FORMS 7: Yhteydenottolomakkeet l\u00e4hetet\u00e4\u00e4n Contact Form 7 -lis\u00e4osan avulla. T\u00e4m\u00e4 lis\u00e4osa ei tallenna mit\u00e4\u00e4n tietoja l\u00e4hetetyist\u00e4 lomakkeista esimerkiksi tietokantaan, vaan se l\u00e4hett\u00e4\u00e4 pelk\u00e4st\u00e4\u00e4n s\u00e4hk\u00f6postin t\u00e4ytetyst\u00e4 lomakkeesta meille.<\/p>\n<p>WOOCOMMERCE: Verkkosivusto hy\u00f6dynt\u00e4\u00e4 WooCommerce-verkkokauppaa, joka tallentaa k\u00e4ytt\u00e4j\u00e4n koneelle ev\u00e4steit\u00e4 mm. ostoskorista ja muista tilaukseen liittyvist\u00e4 asioista. WooCommercen lis\u00e4ksi k\u00e4yt\u00f6ss\u00e4 on joitain verkkokaupan parantamiseen tarkoitettuja yksitt\u00e4isi\u00e4 lis\u00e4osia, joiden ei pit\u00e4isi ker\u00e4t\u00e4 mit\u00e4\u00e4n kuitenkaan mit\u00e4\u00e4n tietoja.<\/p>\n<p>YOAST: Sivuston hakukoneoptimoinnissa k\u00e4yt\u00e4mme hyv\u00e4ksi Yoast-lis\u00e4osaa.<\/p>\n<p>WORDPRESS: Sivusto on rakennettu WordPress-julkaisuj\u00e4rjestelm\u00e4n alle.<\/p>\n<p>Muita sivuston k\u00e4ytt\u00e4mi\u00e4 lis\u00e4osia tai elementtej\u00e4 ovat: jQuery, Facebook Pixel, Twitter Emoji (Twemoji), Widgets (Facebook, ShareThis), Simple Lightbox, Social Media Feather. K\u00e4yt\u00f6ss\u00e4 on mahdollisesti my\u00f6s muita verkkosivuston tekniseen toteutukseen tarvittavia kirjastoja, koodeja tai elementtej\u00e4, joiden ei kuitenkaan pit\u00e4isi ker\u00e4t\u00e4 mink\u00e4\u00e4nlaista tietoa k\u00e4vij\u00e4st\u00e4 miss\u00e4\u00e4n olosuhteessa.<\/p>\n<p><\/p>\n<p><\/p>\n<h5 class=\"wp-block-heading\">EV\u00c4STEK\u00c4YT\u00c4NT\u00d6<\/h5>\n<p>Ev\u00e4ste on pieni tekstitiedosto, joka tallennetaan k\u00e4ytt\u00e4j\u00e4n tietokoneelle silloin kun joku vierailee sivustolla. Ev\u00e4steet eiv\u00e4t sis\u00e4ll\u00e4 mink\u00e4\u00e4nlaisia henkil\u00f6tietoja eik\u00e4 niiden avulla voida esimerkiksi suorittaa ohjelmia.<\/p>\n<p><strong>EV\u00c4STEET SUOMEN MAINOSMERKKI OY:N VERKKOSIVUILLA<\/strong><\/p>\n<p>K\u00e4yt\u00e4mme ev\u00e4steit\u00e4 moniin k\u00e4ytt\u00f6tarkoituksiin, jotka liittyv\u00e4t sivuston toimivuuteen, analysointiin ja markkinointiin. Ev\u00e4steet ker\u00e4\u00e4v\u00e4t mahdollisesti my\u00f6s tietoja esimerkiksi k\u00e4ytt\u00e4jien kiinnostuksista, joiden avulla kykenemme kohdentamaan viestint\u00e4\u00e4mme sis\u00e4ll\u00f6ist\u00e4mme kiinnostuneelle yleis\u00f6lle.<\/p>\n<p>Aiemmin mainitut lis\u00e4osat ja ulkoiset elementit tallentavat koneelle ev\u00e4steit\u00e4, jotta ne toimisivat toivotun tavan mukaisesti.<\/p>\n<p>Lis\u00e4tietoja Googlen (Analytics, reCAPTCHA) ev\u00e4stek\u00e4yt\u00e4nn\u00f6ist\u00e4 l\u00f6ytyy t\u00e4m\u00e4n linkin takaa: https:\/\/policies.google.com\/technologies\/cookies<\/p>\n<p>Lis\u00e4tietoja Facebookin ev\u00e4stek\u00e4yt\u00e4nn\u00f6ist\u00e4 l\u00f6ytyy t\u00e4m\u00e4n linkin takaa: https:\/\/www.facebook.com\/help\/cookies\/<\/p>\n<p>Sivusto hy\u00f6dynt\u00e4\u00e4 JavaScript-kirjastoja jotka ker\u00e4\u00e4v\u00e4t mahdollisesti ev\u00e4steiden avulla p\u00e4\u00e4asiassa teknist\u00e4 tietoa, jotta verkkosivu toimisi sulavammin.<\/p>\n<p><strong>EV\u00c4STEIDEN KIELT\u00c4MINEN SELAIMESSA<\/strong><\/p>\n<p>Emme suosittele t\u00e4t\u00e4, mutta mik\u00e4li haluat est\u00e4\u00e4 ev\u00e4steet, muuta selaimesi ev\u00e4steasetuksia. Ev\u00e4steiden kielt\u00e4minen saattaa heikent\u00e4\u00e4 k\u00e4ytt\u00f6kokemusta, eik\u00e4 kaikki verkkosivuston toiminnot v\u00e4ltt\u00e4m\u00e4tt\u00e4 en\u00e4\u00e4 toimi lainkaan.<\/p>\n<p>Lis\u00e4tietoja ev\u00e4steiden hallinnasta selaimessasi l\u00f6ytyy t\u00e4m\u00e4n linkin takaa: http:\/\/aboutcookies.org\/ . Jos est\u00e4t ev\u00e4steiden k\u00e4yt\u00f6n selainohjelmassasi, laitettasi ei seurata, kun vierailet sivustossa. Huomaa kuitenkin, ett\u00e4 est\u00e4m\u00e4ll\u00e4 ev\u00e4steiden k\u00e4yt\u00f6n saatat est\u00e4\u00e4 my\u00f6s joidenkin sivuston toimintojen k\u00e4ytt\u00e4misen.<\/p>\n<p><\/p>\n<p><\/p>\n<p><\/p>\n<p>\u00a0<\/p>\t\t\t\t\t\t\t\t<\/div>\n\t\t\t\t<\/div>\n\t\t\t\t\t<\/div>\n\t\t<\/div>\n\t\t\t\t\t<\/div>\n\t\t<\/section>\n\t\t\t\t<\/div>\n\t\t","protected":false},"excerpt":{"rendered":"<p>Rekisteri- ja tietosuojaseloste T\u00e4m\u00e4 on Suomen Mainosmerkki Oy:n henkil\u00f6tietolain (10 ja 24 \u00a7) ja EU:n yleisen tietosuoja-asetuksen (GDPR) mukainen rekisteri- ja tietosuojaseloste. Laadittu 1.10.2020. 1. REKISTERINPIT\u00c4J\u00c4 Suomen Mainosmerkki OyKivikontie 205460 Hyvink\u00e4\u00e4Puhelin: 040 587 9152S\u00e4hk\u00f6posti: kauppa@mainosmerkki.fi 2. REKISTERIST\u00c4 VASTAAVA YHTEYSHENKIL\u00d6 RekisterivastaavaPuhelin: 040 587 9152S\u00e4hk\u00f6posti: kauppa@mainosmerkki.fi 3. REKISTERIN NIMI Yrityksen asiakasrekisteri, markkinointirekisteri 4. OIKEUSPERUSTE JA HENKIL\u00d6TIETOJEN K\u00c4SITTELYN [&hellip;]<\/p>\n","protected":false},"author":2,"featured_media":0,"parent":0,"menu_order":0,"comment_status":"closed","ping_status":"closed","template":"","meta":{"site-sidebar-layout":"default","site-content-layout":"default","ast-site-content-layout":"default","site-content-style":"default","site-sidebar-style":"default","ast-global-header-display":"","ast-banner-title-visibility":"","ast-main-header-display":"","ast-hfb-above-header-display":"","ast-hfb-below-header-display":"","ast-hfb-mobile-header-display":"","site-post-title":"disabled","ast-breadcrumbs-content":"","ast-featured-img":"","footer-sml-layout":"","ast-disable-related-posts":"","theme-transparent-header-meta":"disabled","adv-header-id-meta":"568","stick-header-meta":"default","header-above-stick-meta":"","header-main-stick-meta":"","header-below-stick-meta":"","astra-migrate-meta-layouts":"default","ast-page-background-enabled":"default","ast-page-background-meta":{"desktop":{"background-color":"","background-image":"","background-repeat":"repeat","background-position":"center center","background-size":"auto","background-attachment":"scroll","background-type":"","background-media":"","overlay-type":"","overlay-color":"","overlay-opacity":"","overlay-gradient":""},"tablet":{"background-color":"","background-image":"","background-repeat":"repeat","background-position":"center center","background-size":"auto","background-attachment":"scroll","background-type":"","background-media":"","overlay-type":"","overlay-color":"","overlay-opacity":"","overlay-gradient":""},"mobile":{"background-color":"","background-image":"","background-repeat":"repeat","background-position":"center center","background-size":"auto","background-attachment":"scroll","background-type":"","background-media":"","overlay-type":"","overlay-color":"","overlay-opacity":"","overlay-gradient":""}},"ast-content-background-meta":{"desktop":{"background-color":"var(--ast-global-color-5)","background-image":"","background-repeat":"repeat","background-position":"center center","background-size":"auto","background-attachment":"scroll","background-type":"","background-media":"","overlay-type":"","overlay-color":"","overlay-opacity":"","overlay-gradient":""},"tablet":{"background-color":"var(--ast-global-color-5)","background-image":"","background-repeat":"repeat","background-position":"center center","background-size":"auto","background-attachment":"scroll","background-type":"","background-media":"","overlay-type":"","overlay-color":"","overlay-opacity":"","overlay-gradient":""},"mobile":{"background-color":"var(--ast-global-color-5)","background-image":"","background-repeat":"repeat","background-position":"center center","background-size":"auto","background-attachment":"scroll","background-type":"","background-media":"","overlay-type":"","overlay-color":"","overlay-opacity":"","overlay-gradient":""}},"footnotes":""},"class_list":["post-4305","page","type-page","status-publish","hentry"],"_links":{"self":[{"href":"https:\/\/mainosmerkki.fi\/kotospirits\/wp-json\/wp\/v2\/pages\/4305","targetHints":{"allow":["GET"]}}],"collection":[{"href":"https:\/\/mainosmerkki.fi\/kotospirits\/wp-json\/wp\/v2\/pages"}],"about":[{"href":"https:\/\/mainosmerkki.fi\/kotospirits\/wp-json\/wp\/v2\/types\/page"}],"author":[{"embeddable":true,"href":"https:\/\/mainosmerkki.fi\/kotospirits\/wp-json\/wp\/v2\/users\/2"}],"replies":[{"embeddable":true,"href":"https:\/\/mainosmerkki.fi\/kotospirits\/wp-json\/wp\/v2\/comments?post=4305"}],"version-history":[{"count":6,"href":"https:\/\/mainosmerkki.fi\/kotospirits\/wp-json\/wp\/v2\/pages\/4305\/revisions"}],"predecessor-version":[{"id":5196,"href":"https:\/\/mainosmerkki.fi\/kotospirits\/wp-json\/wp\/v2\/pages\/4305\/revisions\/5196"}],"wp:attachment":[{"href":"https:\/\/mainosmerkki.fi\/kotospirits\/wp-json\/wp\/v2\/media?parent=4305"}],"curies":[{"name":"wp","href":"https:\/\/api.w.org\/{rel}","templated":true}]}}