{"id":6622,"date":"2022-09-12T15:01:40","date_gmt":"2022-09-12T12:01:40","guid":{"rendered":"https:\/\/mainosmerkki.fi\/hyus\/?post_type=product&#038;p=6622"},"modified":"2024-04-04T14:56:00","modified_gmt":"2024-04-04T11:56:00","slug":"arena-tracks-junior-treenilasit","status":"publish","type":"product","link":"https:\/\/mainosmerkki.fi\/hyus\/tuote\/arena-tracks-junior-treenilasit\/","title":{"rendered":"Arena tracks junior treenilasit"},"content":{"rendered":"<p><strong>Arenan Tracks-uimalasit<\/strong>\u00a0on suunniteltu erityisesti nuorille kilpauimareille. Matalaprofiiliset uimalasit tuplaremmeill\u00e4, sek\u00e4 pehme\u00e4t silikoniset tiivisteet.<\/p>\n<ul>\n<li>Linsseiss\u00e4 huurtumisenesto-pinnoite<\/li>\n<li>S\u00e4\u00e4dett\u00e4v\u00e4 nen\u00e4silta<\/li>\n<\/ul>\n","protected":false},"excerpt":{"rendered":"<p>&nbsp;<\/p>\n<p><strong>\u00a0<\/strong><\/p>\n","protected":false},"featured_media":6482,"template":"","meta":{"site-sidebar-layout":"no-sidebar","site-content-layout":"boxed-container","ast-site-content-layout":"normal-width-container","site-content-style":"boxed","site-sidebar-style":"boxed","ast-global-header-display":"","ast-banner-title-visibility":"","ast-main-header-display":"","ast-hfb-above-header-display":"","ast-hfb-below-header-display":"","ast-hfb-mobile-header-display":"","site-post-title":"","ast-breadcrumbs-content":"","ast-featured-img":"","footer-sml-layout":"","ast-disable-related-posts":"","theme-transparent-header-meta":"disabled","adv-header-id-meta":"","stick-header-meta":"default","header-above-stick-meta":"","header-main-stick-meta":"","header-below-stick-meta":"","astra-migrate-meta-layouts":"set","ast-page-background-enabled":"default","ast-page-background-meta":{"desktop":{"background-color":"","background-image":"","background-repeat":"repeat","background-position":"center center","background-size":"auto","background-attachment":"scroll","background-type":"","background-media":"","overlay-type":"","overlay-color":"","overlay-opacity":"","overlay-gradient":""},"tablet":{"background-color":"","background-image":"","background-repeat":"repeat","background-position":"center center","background-size":"auto","background-attachment":"scroll","background-type":"","background-media":"","overlay-type":"","overlay-color":"","overlay-opacity":"","overlay-gradient":""},"mobile":{"background-color":"","background-image":"","background-repeat":"repeat","background-position":"center center","background-size":"auto","background-attachment":"scroll","background-type":"","background-media":"","overlay-type":"","overlay-color":"","overlay-opacity":"","overlay-gradient":""}},"ast-content-background-meta":{"desktop":{"background-color":"var(--ast-global-color-5)","background-image":"","background-repeat":"repeat","background-position":"center center","background-size":"auto","background-attachment":"scroll","background-type":"","background-media":"","overlay-type":"","overlay-color":"","overlay-opacity":"","overlay-gradient":""},"tablet":{"background-color":"var(--ast-global-color-5)","background-image":"","background-repeat":"repeat","background-position":"center center","background-size":"auto","background-attachment":"scroll","background-type":"","background-media":"","overlay-type":"","overlay-color":"","overlay-opacity":"","overlay-gradient":""},"mobile":{"background-color":"var(--ast-global-color-5)","background-image":"","background-repeat":"repeat","background-position":"center center","background-size":"auto","background-attachment":"scroll","background-type":"","background-media":"","overlay-type":"","overlay-color":"","overlay-opacity":"","overlay-gradient":""}}},"product_brand":[],"product_cat":[376,371,372],"product_tag":[354,356,355,346],"class_list":{"0":"post-6622","1":"product","2":"type-product","3":"status-publish","4":"has-post-thumbnail","6":"product_cat-alkuryhman-tuotteet","7":"product_cat-nopea-toimitus","8":"product_cat-varusteet","9":"product_tag-arena","10":"product_tag-junior","11":"product_tag-treenilasit","12":"product_tag-uimalasit","13":"desktop-align-left","14":"tablet-align-left","15":"mobile-align-left","16":"ast-product-gallery-layout-horizontal","17":"ast-product-gallery-with-no-image","18":"ast-product-tabs-layout-horizontal","20":"first","21":"instock","22":"featured","23":"taxable","24":"shipping-taxable","25":"purchasable","26":"product-type-simple"},"_links":{"self":[{"href":"https:\/\/mainosmerkki.fi\/hyus\/wp-json\/wp\/v2\/product\/6622","targetHints":{"allow":["GET"]}}],"collection":[{"href":"https:\/\/mainosmerkki.fi\/hyus\/wp-json\/wp\/v2\/product"}],"about":[{"href":"https:\/\/mainosmerkki.fi\/hyus\/wp-json\/wp\/v2\/types\/product"}],"wp:featuredmedia":[{"embeddable":true,"href":"https:\/\/mainosmerkki.fi\/hyus\/wp-json\/wp\/v2\/media\/6482"}],"wp:attachment":[{"href":"https:\/\/mainosmerkki.fi\/hyus\/wp-json\/wp\/v2\/media?parent=6622"}],"wp:term":[{"taxonomy":"product_brand","embeddable":true,"href":"https:\/\/mainosmerkki.fi\/hyus\/wp-json\/wp\/v2\/product_brand?post=6622"},{"taxonomy":"product_cat","embeddable":true,"href":"https:\/\/mainosmerkki.fi\/hyus\/wp-json\/wp\/v2\/product_cat?post=6622"},{"taxonomy":"product_tag","embeddable":true,"href":"https:\/\/mainosmerkki.fi\/hyus\/wp-json\/wp\/v2\/product_tag?post=6622"}],"curies":[{"name":"wp","href":"https:\/\/api.w.org\/{rel}","templated":true}]}}