{"id":6543,"date":"2022-09-12T10:19:51","date_gmt":"2022-09-12T07:19:51","guid":{"rendered":"https:\/\/mainosmerkki.fi\/hyus\/?post_type=product&#038;p=6543"},"modified":"2024-04-04T14:54:29","modified_gmt":"2024-04-04T11:54:29","slug":"finis-keskisnorkkeli","status":"publish","type":"product","link":"https:\/\/mainosmerkki.fi\/hyus\/tuote\/finis-keskisnorkkeli\/","title":{"rendered":"Finis keskisnorkkeli, Junior"},"content":{"rendered":"<p>Finiksen suosittu etusnorkkeli. Snorkkelin avulla uimari pystyy seuraamaan paremmin tekniikkaansa veden alla ja ymm\u00e4rt\u00e4m\u00e4\u00e4n siten paremmin annettuja ohjeita. Uimari voi snorkkelin avulla liukua ja uida nostamatta p\u00e4\u00e4t\u00e4 vedest\u00e4. Sopii k\u00e4ytett\u00e4v\u00e4ksi my\u00f6s potku ja r\u00e4pyl\u00e4harjoitteluun. \u00a0 Joustava suukappale ja s\u00e4\u00e4dett\u00e4v\u00e4 remmi. Voidaan k\u00e4ytt\u00e4\u00e4 sek\u00e4 uimalasien ett\u00e4 maskin kanssa.<\/p>\n<p>V\u00e4rit:<br \/>\nJr \u2013 keltainen<\/p>\n","protected":false},"excerpt":{"rendered":"<p>HUOM! Nopean toimituksen varastov\u00e4rin\u00e4 keltainen.<\/p>\n","protected":false},"featured_media":6498,"template":"","meta":{"site-sidebar-layout":"no-sidebar","site-content-layout":"boxed-container","ast-site-content-layout":"normal-width-container","site-content-style":"boxed","site-sidebar-style":"boxed","ast-global-header-display":"","ast-banner-title-visibility":"","ast-main-header-display":"","ast-hfb-above-header-display":"","ast-hfb-below-header-display":"","ast-hfb-mobile-header-display":"","site-post-title":"","ast-breadcrumbs-content":"","ast-featured-img":"","footer-sml-layout":"","ast-disable-related-posts":"","theme-transparent-header-meta":"disabled","adv-header-id-meta":"","stick-header-meta":"default","header-above-stick-meta":"","header-main-stick-meta":"","header-below-stick-meta":"","astra-migrate-meta-layouts":"set","ast-page-background-enabled":"default","ast-page-background-meta":{"desktop":{"background-color":"","background-image":"","background-repeat":"repeat","background-position":"center center","background-size":"auto","background-attachment":"scroll","background-type":"","background-media":"","overlay-type":"","overlay-color":"","overlay-opacity":"","overlay-gradient":""},"tablet":{"background-color":"","background-image":"","background-repeat":"repeat","background-position":"center center","background-size":"auto","background-attachment":"scroll","background-type":"","background-media":"","overlay-type":"","overlay-color":"","overlay-opacity":"","overlay-gradient":""},"mobile":{"background-color":"","background-image":"","background-repeat":"repeat","background-position":"center center","background-size":"auto","background-attachment":"scroll","background-type":"","background-media":"","overlay-type":"","overlay-color":"","overlay-opacity":"","overlay-gradient":""}},"ast-content-background-meta":{"desktop":{"background-color":"var(--ast-global-color-5)","background-image":"","background-repeat":"repeat","background-position":"center center","background-size":"auto","background-attachment":"scroll","background-type":"","background-media":"","overlay-type":"","overlay-color":"","overlay-opacity":"","overlay-gradient":""},"tablet":{"background-color":"var(--ast-global-color-5)","background-image":"","background-repeat":"repeat","background-position":"center center","background-size":"auto","background-attachment":"scroll","background-type":"","background-media":"","overlay-type":"","overlay-color":"","overlay-opacity":"","overlay-gradient":""},"mobile":{"background-color":"var(--ast-global-color-5)","background-image":"","background-repeat":"repeat","background-position":"center center","background-size":"auto","background-attachment":"scroll","background-type":"","background-media":"","overlay-type":"","overlay-color":"","overlay-opacity":"","overlay-gradient":""}}},"product_brand":[],"product_cat":[376,371,372],"product_tag":[320,321,322],"class_list":{"0":"post-6543","1":"product","2":"type-product","3":"status-publish","4":"has-post-thumbnail","6":"product_cat-alkuryhman-tuotteet","7":"product_cat-nopea-toimitus","8":"product_cat-varusteet","9":"product_tag-etusnorkkeli","10":"product_tag-keskisnorkkeli","11":"product_tag-snorkkeli","12":"desktop-align-left","13":"tablet-align-left","14":"mobile-align-left","15":"ast-product-gallery-layout-horizontal","16":"ast-product-single-variable","17":"ast-product-tabs-layout-horizontal","19":"first","20":"instock","21":"featured","22":"taxable","23":"shipping-taxable","24":"purchasable","25":"product-type-variable"},"_links":{"self":[{"href":"https:\/\/mainosmerkki.fi\/hyus\/wp-json\/wp\/v2\/product\/6543","targetHints":{"allow":["GET"]}}],"collection":[{"href":"https:\/\/mainosmerkki.fi\/hyus\/wp-json\/wp\/v2\/product"}],"about":[{"href":"https:\/\/mainosmerkki.fi\/hyus\/wp-json\/wp\/v2\/types\/product"}],"wp:featuredmedia":[{"embeddable":true,"href":"https:\/\/mainosmerkki.fi\/hyus\/wp-json\/wp\/v2\/media\/6498"}],"wp:attachment":[{"href":"https:\/\/mainosmerkki.fi\/hyus\/wp-json\/wp\/v2\/media?parent=6543"}],"wp:term":[{"taxonomy":"product_brand","embeddable":true,"href":"https:\/\/mainosmerkki.fi\/hyus\/wp-json\/wp\/v2\/product_brand?post=6543"},{"taxonomy":"product_cat","embeddable":true,"href":"https:\/\/mainosmerkki.fi\/hyus\/wp-json\/wp\/v2\/product_cat?post=6543"},{"taxonomy":"product_tag","embeddable":true,"href":"https:\/\/mainosmerkki.fi\/hyus\/wp-json\/wp\/v2\/product_tag?post=6543"}],"curies":[{"name":"wp","href":"https:\/\/api.w.org\/{rel}","templated":true}]}}