{"id":5702,"date":"2022-02-09T11:43:37","date_gmt":"2022-02-09T09:43:37","guid":{"rendered":"https:\/\/mainosmerkki.fi\/hyus\/?post_type=product&#038;p=5702"},"modified":"2023-01-23T11:25:51","modified_gmt":"2023-01-23T09:25:51","slug":"craft-community-collegehuppari-naiset","status":"publish","type":"product","link":"https:\/\/mainosmerkki.fi\/hyus\/tuote\/craft-community-collegehuppari-naiset\/","title":{"rendered":"K\u00e4sipyyhe"},"content":{"rendered":"<p>Pieni k\u00e4sipyyhe.<\/p>\n<p>\u2022 Materiaali: 100 % puuvillafroteeta<br \/>\n\u2022 Koko: 50 cm x 70 cm<br \/>\n\u2022 Punottu ripustinlenkki pidemm\u00e4ll\u00e4 sivulla<br \/>\n\u2022 4,5 cm leve\u00e4 boordi molemmissa p\u00e4iss\u00e4<br \/>\n\u2022 Boordissa HYVINK\u00c4\u00c4N UIMASEURA -painatus<br \/>\n\u2022 Suositellaan pesua ennen k\u00e4ytt\u00f6\u00e4<\/p>\n","protected":false},"excerpt":{"rendered":"<p><img decoding=\"async\" src=\"https:\/\/mainosmerkki.skypro.fi\/media\/cache\/ca\/b6\/cab6254d22661bd9094d1a947c53940c.png\" alt=\"Sky\" \/><\/p>\n<p><strong>\u00a0<\/strong><\/p>\n","protected":false},"featured_media":6141,"template":"","meta":{"site-sidebar-layout":"no-sidebar","site-content-layout":"boxed-container","ast-site-content-layout":"default","site-content-style":"default","site-sidebar-style":"default","ast-global-header-display":"","ast-banner-title-visibility":"","ast-main-header-display":"","ast-hfb-above-header-display":"","ast-hfb-below-header-display":"","ast-hfb-mobile-header-display":"","site-post-title":"","ast-breadcrumbs-content":"","ast-featured-img":"","footer-sml-layout":"","ast-disable-related-posts":"","theme-transparent-header-meta":"disabled","adv-header-id-meta":"","stick-header-meta":"default","header-above-stick-meta":"","header-main-stick-meta":"","header-below-stick-meta":"","astra-migrate-meta-layouts":"default","ast-page-background-enabled":"default","ast-page-background-meta":{"desktop":{"background-color":"","background-image":"","background-repeat":"repeat","background-position":"center center","background-size":"auto","background-attachment":"scroll","background-type":"","background-media":"","overlay-type":"","overlay-color":"","overlay-opacity":"","overlay-gradient":""},"tablet":{"background-color":"","background-image":"","background-repeat":"repeat","background-position":"center center","background-size":"auto","background-attachment":"scroll","background-type":"","background-media":"","overlay-type":"","overlay-color":"","overlay-opacity":"","overlay-gradient":""},"mobile":{"background-color":"","background-image":"","background-repeat":"repeat","background-position":"center center","background-size":"auto","background-attachment":"scroll","background-type":"","background-media":"","overlay-type":"","overlay-color":"","overlay-opacity":"","overlay-gradient":""}},"ast-content-background-meta":{"desktop":{"background-color":"var(--ast-global-color-5)","background-image":"","background-repeat":"repeat","background-position":"center center","background-size":"auto","background-attachment":"scroll","background-type":"","background-media":"","overlay-type":"","overlay-color":"","overlay-opacity":"","overlay-gradient":""},"tablet":{"background-color":"var(--ast-global-color-5)","background-image":"","background-repeat":"repeat","background-position":"center center","background-size":"auto","background-attachment":"scroll","background-type":"","background-media":"","overlay-type":"","overlay-color":"","overlay-opacity":"","overlay-gradient":""},"mobile":{"background-color":"var(--ast-global-color-5)","background-image":"","background-repeat":"repeat","background-position":"center center","background-size":"auto","background-attachment":"scroll","background-type":"","background-media":"","overlay-type":"","overlay-color":"","overlay-opacity":"","overlay-gradient":""}}},"product_brand":[],"product_cat":[247],"product_tag":[278,279,277],"class_list":{"0":"post-5702","1":"product","2":"type-product","3":"status-publish","4":"has-post-thumbnail","6":"product_cat-fanituotteet","7":"product_tag-kasipyyhe","8":"product_tag-pikkupyyhe","9":"product_tag-pyyhe","10":"desktop-align-left","11":"tablet-align-left","12":"mobile-align-left","13":"ast-product-gallery-layout-horizontal","14":"ast-product-single-variable","15":"ast-product-tabs-layout-horizontal","17":"first","18":"instock","19":"featured","20":"taxable","21":"shipping-taxable","22":"purchasable","23":"product-type-variable"},"_links":{"self":[{"href":"https:\/\/mainosmerkki.fi\/hyus\/wp-json\/wp\/v2\/product\/5702","targetHints":{"allow":["GET"]}}],"collection":[{"href":"https:\/\/mainosmerkki.fi\/hyus\/wp-json\/wp\/v2\/product"}],"about":[{"href":"https:\/\/mainosmerkki.fi\/hyus\/wp-json\/wp\/v2\/types\/product"}],"wp:featuredmedia":[{"embeddable":true,"href":"https:\/\/mainosmerkki.fi\/hyus\/wp-json\/wp\/v2\/media\/6141"}],"wp:attachment":[{"href":"https:\/\/mainosmerkki.fi\/hyus\/wp-json\/wp\/v2\/media?parent=5702"}],"wp:term":[{"taxonomy":"product_brand","embeddable":true,"href":"https:\/\/mainosmerkki.fi\/hyus\/wp-json\/wp\/v2\/product_brand?post=5702"},{"taxonomy":"product_cat","embeddable":true,"href":"https:\/\/mainosmerkki.fi\/hyus\/wp-json\/wp\/v2\/product_cat?post=5702"},{"taxonomy":"product_tag","embeddable":true,"href":"https:\/\/mainosmerkki.fi\/hyus\/wp-json\/wp\/v2\/product_tag?post=5702"}],"curies":[{"name":"wp","href":"https:\/\/api.w.org\/{rel}","templated":true}]}}