{"id":6288,"date":"2022-03-12T17:00:24","date_gmt":"2022-03-12T15:00:24","guid":{"rendered":"https:\/\/mainosmerkki.fi\/hyus\/?page_id=6288"},"modified":"2022-03-13T16:01:04","modified_gmt":"2022-03-13T14:01:04","slug":"kokotaulukko","status":"publish","type":"page","link":"https:\/\/mainosmerkki.fi\/hyus\/kokotaulukko\/","title":{"rendered":"Kokotaulukko"},"content":{"rendered":"\t\t<div data-elementor-type=\"wp-page\" data-elementor-id=\"6288\" class=\"elementor elementor-6288\" data-elementor-post-type=\"page\">\n\t\t\t\t\t\t<section class=\"elementor-section elementor-top-section elementor-element elementor-element-3074196 elementor-section-boxed elementor-section-height-default elementor-section-height-default\" data-id=\"3074196\" data-element_type=\"section\" data-e-type=\"section\">\n\t\t\t\t\t\t<div class=\"elementor-container elementor-column-gap-default\">\n\t\t\t\t\t<div class=\"elementor-column elementor-col-100 elementor-top-column elementor-element elementor-element-4ba9aef\" data-id=\"4ba9aef\" data-element_type=\"column\" data-e-type=\"column\">\n\t\t\t<div class=\"elementor-widget-wrap elementor-element-populated\">\n\t\t\t\t\t\t<div class=\"elementor-element elementor-element-521024b elementor-widget elementor-widget-text-editor\" data-id=\"521024b\" data-element_type=\"widget\" data-e-type=\"widget\" data-widget_type=\"text-editor.default\">\n\t\t\t\t<div class=\"elementor-widget-container\">\n\t\t\t\t\t\t\t\t\t<h3 id=\"vaate\">Craft kokotaulukko<\/h3><div class=\"v4-size-chart-table-container \"><table class=\"table v4-size-chart-table\"><tbody><tr class=\"r-15\"><td class=\"width-28\">\u00a0<\/td><td class=\"b-0 c-114 width-7\">Lapset<\/td><td class=\"b-0 c-123 width-7\">\u00a0<\/td><td class=\"b-0 c-123 width-7\">\u00a0<\/td><td class=\"b-0 c-123 width-7\">\u00a0<\/td><td class=\"b-0 c-123 width-7\">\u00a0<\/td><td class=\"width-7\">\u00a0<\/td><td class=\"width-7\">\u00a0<\/td><\/tr><tr class=\"r-15\"><td class=\"b-0 c-30 width-28\">Koko \/ Pituus cm<\/td><td class=\"b-0 c-156 width-7\">98-104<\/td><td class=\"b-0 c-156 width-7\">110-116<\/td><td class=\"b-0 c-157 width-7\">122-128<\/td><td class=\"b-0 c-157 width-7\">134-140<\/td><td class=\"b-0 c-157 width-7\">146-152<\/td><td class=\"b-0 c-158 width-7\">158-164<\/td><td class=\"width-7\">\u00a0<\/td><\/tr><tr class=\"r-15\"><td class=\"b-0 c-27 width-28\">A. Rinnan ymp\u00e4rys<\/td><td class=\"b-0 c-26 width-7\">56<\/td><td class=\"b-0 c-26 width-7\">58<\/td><td class=\"b-0 c-26 width-7\">64<\/td><td class=\"b-0 c-26 width-7\">70<\/td><td class=\"b-0 c-26 width-7\">76<\/td><td class=\"b-0 c-26 width-7\">82<\/td><td class=\"width-7\">\u00a0<\/td><\/tr><tr class=\"r-15\"><td class=\"b-0 c-27 width-28\">B. Vy\u00f6t\u00e4r\u00f6n ymp\u00e4rys<\/td><td class=\"b-0 c-24 width-7\">53<\/td><td class=\"b-0 c-24 width-7\">55<\/td><td class=\"b-0 c-24 width-7\">58<\/td><td class=\"b-0 c-24 width-7\">62<\/td><td class=\"b-0 c-24 width-7\">65<\/td><td class=\"b-0 c-24 width-7\">69<\/td><td class=\"width-7\">\u00a0<\/td><\/tr><tr class=\"r-15\"><td class=\"b-0 c-27 width-28\">C. Lantion ymp\u00e4rys<\/td><td class=\"b-0 c-24 width-7\">59<\/td><td class=\"b-0 c-24 width-7\">63<\/td><td class=\"b-0 c-24 width-7\">69<\/td><td class=\"b-0 c-24 width-7\">75<\/td><td class=\"b-0 c-24 width-7\">81<\/td><td class=\"b-0 c-24 width-7\">87<\/td><td class=\"width-7\">\u00a0<\/td><\/tr><tr class=\"r-15\"><td class=\"b-0 c-27 width-28\">D. Jalan sis\u00e4pituus<\/td><td class=\"b-0 c-24 width-7\">44<\/td><td class=\"b-0 c-24 width-7\">51<\/td><td class=\"b-0 c-24 width-7\">59<\/td><td class=\"b-0 c-24 width-7\">66<\/td><td class=\"b-0 c-24 width-7\">72<\/td><td class=\"b-0 c-24 width-7\">77<\/td><td class=\"width-7\">\u00a0<\/td><\/tr><tr class=\"blank r-15\"><td class=\"b-0 c-27 width-28\">\u00a0<\/td><td class=\"b-0 c-25 width-7\">\u00a0<\/td><td class=\"b-0 c-25 width-7\">\u00a0<\/td><td class=\"b-0 c-25 width-7\">\u00a0<\/td><td class=\"b-0 c-25 width-7\">\u00a0<\/td><td class=\"b-0 c-25 width-7\">\u00a0<\/td><td class=\"width-7\">\u00a0<\/td><td class=\"width-7\">\u00a0<\/td><\/tr><tr class=\"r-15\"><td class=\"b-0 c-27 width-28\">\u00a0<\/td><td class=\"b-0 c-159 width-7\">Naiset<\/td><td class=\"b-0 c-124 width-7\">\u00a0<\/td><td class=\"b-0 c-124 width-7\">\u00a0<\/td><td class=\"b-0 c-124 width-7\">\u00a0<\/td><td class=\"b-0 c-124 width-7\">\u00a0<\/td><td class=\"b-0 c-124 width-7\">\u00a0<\/td><td class=\"b-0 c-124 width-7\">\u00a0<\/td><\/tr><tr class=\"r-15\"><td class=\"b-0 c-30 width-28\">Koko<\/td><td class=\"b-0 c-104 width-7\">XS<\/td><td class=\"b-0 c-157 width-7\">S<\/td><td class=\"b-0 c-157 width-7\">M<\/td><td class=\"b-0 c-157 width-7\">L<\/td><td class=\"b-0 c-157 width-7\">XL<\/td><td class=\"b-0 c-157 width-7\">XXL<\/td><td class=\"b-0 c-158 width-7\">XXXL<\/td><\/tr><tr class=\"r-15\"><td class=\"b-0 c-27 width-28\">Pituus cm<\/td><td class=\"b-0 c-160 width-7\">164<\/td><td class=\"b-0 c-160 width-7\">167<\/td><td class=\"b-0 c-160 width-7\">170<\/td><td class=\"b-0 c-160 width-7\">173<\/td><td class=\"b-0 c-160 width-7\">176<\/td><td class=\"b-0 c-160 width-7\">179<\/td><td class=\"b-0 c-160 width-7\">182<\/td><\/tr><tr class=\"r-15\"><td class=\"b-0 c-27 width-28\">A. Rinnanymp\u00e4rys (cm)<\/td><td class=\"b-0 c-24 width-7\">82<\/td><td class=\"b-0 c-24 width-7\">88<\/td><td class=\"b-0 c-24 width-7\">84<\/td><td class=\"b-0 c-24 width-7\">100<\/td><td class=\"b-0 c-24 width-7\">106<\/td><td class=\"b-0 c-24 width-7\">114<\/td><td class=\"b-0 c-24 width-7\">122<\/td><\/tr><tr class=\"r-15\"><td class=\"b-0 c-27 width-28\">B. Vy\u00f6t\u00e4r\u00f6nymp\u00e4rys (cm)<\/td><td class=\"b-0 c-24 width-7\">64<\/td><td class=\"b-0 c-24 width-7\">70<\/td><td class=\"b-0 c-24 width-7\">76<\/td><td class=\"b-0 c-24 width-7\">82<\/td><td class=\"b-0 c-24 width-7\">88<\/td><td class=\"b-0 c-24 width-7\">96<\/td><td class=\"b-0 c-24 width-7\">104<\/td><\/tr><tr class=\"r-15\"><td class=\"b-0 c-27 width-28\">C. Lantionymp\u00e4rys (cm)<\/td><td class=\"b-0 c-24 width-7\">90<\/td><td class=\"b-0 c-24 width-7\">96<\/td><td class=\"b-0 c-24 width-7\">102<\/td><td class=\"b-0 c-24 width-7\">108<\/td><td class=\"b-0 c-24 width-7\">114<\/td><td class=\"b-0 c-24 width-7\">122<\/td><td class=\"b-0 c-24 width-7\">130<\/td><\/tr><tr class=\"r-15\"><td class=\"b-0 c-27 width-28\">D. Jalan sis\u00e4pituus (cm)<\/td><td class=\"b-0 c-24 width-7\">79<\/td><td class=\"b-0 c-24 width-7\">80,5<\/td><td class=\"b-0 c-24 width-7\">82<\/td><td class=\"b-0 c-24 width-7\">83,5<\/td><td class=\"b-0 c-24 width-7\">85<\/td><td class=\"b-0 c-24 width-7\">86,5<\/td><td class=\"b-0 c-24 width-7\">89,5<\/td><\/tr><tr class=\"r-15\"><td class=\"b-0 c-27 width-28\">E. Olkap\u00e4\u00e4n ja hihan pituus (cm)<\/td><td class=\"b-0 c-24 width-7\">71<\/td><td class=\"b-0 c-24 width-7\">72,5<\/td><td class=\"b-0 c-24 width-7\">74<\/td><td class=\"b-0 c-24 width-7\">75,5<\/td><td class=\"b-0 c-24 width-7\">77<\/td><td class=\"b-0 c-24 width-7\">78,5<\/td><td class=\"b-0 c-24 width-7\">81,5<\/td><\/tr><tr class=\"blank r-15\"><td class=\"b-0 c-27 width-28\">\u00a0<\/td><td class=\"width-7\">\u00a0<\/td><td class=\"width-7\">\u00a0<\/td><td class=\"width-7\">\u00a0<\/td><td class=\"width-7\">\u00a0<\/td><td class=\"width-7\">\u00a0<\/td><td class=\"width-7\">\u00a0<\/td><td class=\"width-7\">\u00a0<\/td><\/tr><tr class=\"r-15\"><td class=\"b-0 c-27 width-28\">\u00a0<\/td><td class=\"b-0 c-121 width-7\">Miehet<\/td><td class=\"b-0 c-124 width-7\">\u00a0<\/td><td class=\"b-0 c-124 width-7\">\u00a0<\/td><td class=\"b-0 c-124 width-7\">\u00a0<\/td><td class=\"b-0 c-124 width-7\">\u00a0<\/td><td class=\"b-0 c-124 width-7\">\u00a0<\/td><td class=\"b-0 c-124 width-7\">\u00a0<\/td><\/tr><tr class=\"r-15\"><td class=\"b-0 c-30 width-28\">Koko<\/td><td class=\"b-0 c-156 width-7\">XS<\/td><td class=\"b-0 c-157 width-7\">S<\/td><td class=\"b-0 c-157 width-7\">M<\/td><td class=\"b-0 c-157 width-7\">L<\/td><td class=\"b-0 c-157 width-7\">XL<\/td><td class=\"b-0 c-157 width-7\">XXL<\/td><td class=\"b-0 c-158 width-7\">XXXL<\/td><\/tr><tr class=\"r-15\"><td class=\"b-0 c-27 width-28\">Pituus cm<\/td><td class=\"b-0 c-161 width-7\">172<\/td><td class=\"b-0 c-161 width-7\">176<\/td><td class=\"b-0 c-161 width-7\">180<\/td><td class=\"b-0 c-161 width-7\">184<\/td><td class=\"b-0 c-161 width-7\">188<\/td><td class=\"b-0 c-161 width-7\">192<\/td><td class=\"b-0 c-161 width-7\">196<\/td><\/tr><tr class=\"r-15\"><td class=\"b-0 c-27 width-28\">A. Rinnan ymp\u00e4rys (cm)<\/td><td class=\"b-0 c-143 width-7\">87<\/td><td class=\"b-0 c-143 width-7\">\u00a093<\/td><td class=\"b-0 c-143 width-7\">\u00a099<\/td><td class=\"b-0 c-143 width-7\">\u00a0105<\/td><td class=\"b-0 c-143 width-7\">\u00a0111<\/td><td class=\"b-0 c-143 width-7\">119<\/td><td class=\"b-0 c-143 width-7\">\u00a0127<\/td><\/tr><tr class=\"r-15\"><td class=\"b-0 c-27 width-28\">B. Vy\u00f6t\u00e4r\u00f6n ymp\u00e4rys (cm)<\/td><td class=\"b-0 c-143 width-7\">\u00a075<\/td><td class=\"b-0 c-143 width-7\">\u00a081<\/td><td class=\"b-0 c-143 width-7\">\u00a087<\/td><td class=\"b-0 c-143 width-7\">\u00a093<\/td><td class=\"b-0 c-143 width-7\">\u00a099<\/td><td class=\"b-0 c-143 width-7\">107<\/td><td class=\"b-0 c-143 width-7\">\u00a0115<\/td><\/tr><tr class=\"r-15\"><td class=\"b-0 c-27 width-28\">C. Lantion ymp\u00e4rys (cm)<\/td><td class=\"b-0 c-143 width-7\">\u00a089<\/td><td class=\"b-0 c-143 width-7\">\u00a095<\/td><td class=\"b-0 c-143 width-7\">\u00a0101<\/td><td class=\"b-0 c-143 width-7\">\u00a0107<\/td><td class=\"b-0 c-143 width-7\">\u00a0113<\/td><td class=\"b-0 c-143 width-7\">121<\/td><td class=\"b-0 c-143 width-7\">\u00a0129<\/td><\/tr><tr class=\"r-15\"><td class=\"b-0 c-27 width-28\">D. Jalan sis\u00e4pituus (cm)<\/td><td class=\"b-0 c-143 width-7\">82<\/td><td class=\"b-0 c-143 width-7\">\u00a084<\/td><td class=\"b-0 c-143 width-7\">\u00a086<\/td><td class=\"b-0 c-143 width-7\">\u00a088<\/td><td class=\"b-0 c-143 width-7\">\u00a090<\/td><td class=\"b-0 c-143 width-7\">\u00a092<\/td><td class=\"b-0 c-143 width-7\">94<\/td><\/tr><tr class=\"r-15\"><td class=\"b-0 c-27 width-28\">E. Olkap\u00e4\u00e4 ja hihan pituus (cm)<\/td><td class=\"b-0 c-143 width-7\">78<\/td><td class=\"b-0 c-143 width-7\">80<\/td><td class=\"b-0 c-143 width-7\">82<\/td><td class=\"b-0 c-143 width-7\">84<\/td><td class=\"b-0 c-143 width-7\">86<\/td><td class=\"b-0 c-143 width-7\">88<\/td><td class=\"b-0 c-143 width-7\">90<\/td><\/tr><\/tbody><\/table><\/div>\t\t\t\t\t\t\t\t<\/div>\n\t\t\t\t<\/div>\n\t\t\t\t\t<\/div>\n\t\t<\/div>\n\t\t\t\t\t<\/div>\n\t\t<\/section>\n\t\t\t\t<section class=\"elementor-section elementor-top-section elementor-element elementor-element-450d20f elementor-section-boxed elementor-section-height-default elementor-section-height-default\" data-id=\"450d20f\" data-element_type=\"section\" data-e-type=\"section\">\n\t\t\t\t\t\t<div class=\"elementor-container elementor-column-gap-default\">\n\t\t\t\t\t<div class=\"elementor-column elementor-col-100 elementor-top-column elementor-element elementor-element-5a7dc24\" data-id=\"5a7dc24\" data-element_type=\"column\" data-e-type=\"column\">\n\t\t\t<div class=\"elementor-widget-wrap elementor-element-populated\">\n\t\t\t\t\t\t<div class=\"elementor-element elementor-element-9860115 elementor-widget elementor-widget-image\" data-id=\"9860115\" data-element_type=\"widget\" data-e-type=\"widget\" data-widget_type=\"image.default\">\n\t\t\t\t<div class=\"elementor-widget-container\">\n\t\t\t\t\t\t\t\t\t\t\t\t\t\t\t<img fetchpriority=\"high\" decoding=\"async\" width=\"631\" height=\"622\" src=\"https:\/\/mainosmerkki.fi\/hyus\/wp-content\/uploads\/sites\/11\/2022\/03\/kokotaulukko_craft2.jpg\" class=\"attachment-large size-large wp-image-6291\" alt=\"\" \/>\t\t\t\t\t\t\t\t\t\t\t\t\t\t\t<\/div>\n\t\t\t\t<\/div>\n\t\t\t\t\t<\/div>\n\t\t<\/div>\n\t\t\t\t\t<\/div>\n\t\t<\/section>\n\t\t\t\t<\/div>\n\t\t","protected":false},"excerpt":{"rendered":"<p>Craft kokotaulukko \u00a0 Lapset \u00a0 \u00a0 \u00a0 \u00a0 \u00a0 \u00a0 Koko \/ Pituus cm 98-104 110-116 122-128 134-140 146-152 158-164 \u00a0 A. Rinnan ymp\u00e4rys 56 58 64 70 76 82 \u00a0 B. Vy\u00f6t\u00e4r\u00f6n ymp\u00e4rys 53 55 58 62 65 69 \u00a0 C. Lantion ymp\u00e4rys 59 63 69 75 81 87 \u00a0 D. Jalan sis\u00e4pituus 44 [&hellip;]<\/p>\n","protected":false},"author":4,"featured_media":0,"parent":0,"menu_order":0,"comment_status":"closed","ping_status":"closed","template":"","meta":{"site-sidebar-layout":"no-sidebar","site-content-layout":"page-builder","ast-site-content-layout":"default","site-content-style":"default","site-sidebar-style":"default","ast-global-header-display":"","ast-banner-title-visibility":"","ast-main-header-display":"","ast-hfb-above-header-display":"","ast-hfb-below-header-display":"","ast-hfb-mobile-header-display":"","site-post-title":"disabled","ast-breadcrumbs-content":"","ast-featured-img":"disabled","footer-sml-layout":"","ast-disable-related-posts":"","theme-transparent-header-meta":"","adv-header-id-meta":"","stick-header-meta":"","header-above-stick-meta":"","header-main-stick-meta":"","header-below-stick-meta":"","astra-migrate-meta-layouts":"default","ast-page-background-enabled":"default","ast-page-background-meta":{"desktop":{"background-color":"","background-image":"","background-repeat":"repeat","background-position":"center center","background-size":"auto","background-attachment":"scroll","background-type":"","background-media":"","overlay-type":"","overlay-color":"","overlay-opacity":"","overlay-gradient":""},"tablet":{"background-color":"","background-image":"","background-repeat":"repeat","background-position":"center center","background-size":"auto","background-attachment":"scroll","background-type":"","background-media":"","overlay-type":"","overlay-color":"","overlay-opacity":"","overlay-gradient":""},"mobile":{"background-color":"","background-image":"","background-repeat":"repeat","background-position":"center center","background-size":"auto","background-attachment":"scroll","background-type":"","background-media":"","overlay-type":"","overlay-color":"","overlay-opacity":"","overlay-gradient":""}},"ast-content-background-meta":{"desktop":{"background-color":"var(--ast-global-color-5)","background-image":"","background-repeat":"repeat","background-position":"center center","background-size":"auto","background-attachment":"scroll","background-type":"","background-media":"","overlay-type":"","overlay-color":"","overlay-opacity":"","overlay-gradient":""},"tablet":{"background-color":"var(--ast-global-color-5)","background-image":"","background-repeat":"repeat","background-position":"center center","background-size":"auto","background-attachment":"scroll","background-type":"","background-media":"","overlay-type":"","overlay-color":"","overlay-opacity":"","overlay-gradient":""},"mobile":{"background-color":"var(--ast-global-color-5)","background-image":"","background-repeat":"repeat","background-position":"center center","background-size":"auto","background-attachment":"scroll","background-type":"","background-media":"","overlay-type":"","overlay-color":"","overlay-opacity":"","overlay-gradient":""}},"footnotes":""},"class_list":["post-6288","page","type-page","status-publish","hentry"],"_links":{"self":[{"href":"https:\/\/mainosmerkki.fi\/hyus\/wp-json\/wp\/v2\/pages\/6288","targetHints":{"allow":["GET"]}}],"collection":[{"href":"https:\/\/mainosmerkki.fi\/hyus\/wp-json\/wp\/v2\/pages"}],"about":[{"href":"https:\/\/mainosmerkki.fi\/hyus\/wp-json\/wp\/v2\/types\/page"}],"author":[{"embeddable":true,"href":"https:\/\/mainosmerkki.fi\/hyus\/wp-json\/wp\/v2\/users\/4"}],"replies":[{"embeddable":true,"href":"https:\/\/mainosmerkki.fi\/hyus\/wp-json\/wp\/v2\/comments?post=6288"}],"version-history":[{"count":10,"href":"https:\/\/mainosmerkki.fi\/hyus\/wp-json\/wp\/v2\/pages\/6288\/revisions"}],"predecessor-version":[{"id":6301,"href":"https:\/\/mainosmerkki.fi\/hyus\/wp-json\/wp\/v2\/pages\/6288\/revisions\/6301"}],"wp:attachment":[{"href":"https:\/\/mainosmerkki.fi\/hyus\/wp-json\/wp\/v2\/media?parent=6288"}],"curies":[{"name":"wp","href":"https:\/\/api.w.org\/{rel}","templated":true}]}}