{"id":5348,"date":"2022-08-17T14:49:15","date_gmt":"2022-08-17T11:49:15","guid":{"rendered":"https:\/\/mainosmerkki.fi\/elixirphysique\/?post_type=product&#038;p=5348"},"modified":"2024-08-29T13:47:28","modified_gmt":"2024-08-29T10:47:28","slug":"vetoketjullinen-huppari-miehet","status":"publish","type":"product","link":"https:\/\/mainosmerkki.fi\/elixirphysique\/tuote\/vetoketjullinen-huppari-miehet\/","title":{"rendered":"EP Gym Vetoketjullinen huppari, miehet"},"content":{"rendered":"<p>Vapaa-aikaan ja treeneihin sopiva laadukas vetoketjuhuppari, p\u00e4\u00e4likangas pehme\u00e4\u00e4 puuvillaa, harjattu sis\u00e4pinta. Oikeanpuoleisessa taskussa l\u00e4pivienti ja kauluksessa lenkit kuulokkeiden johdolle.<\/p>\n<p>Materiaali: 80 % rengaskehr\u00e4tty kampapuuvilla, 20% polyesteri<br \/>\nKoot: XS &#8211; 3XL valkoinen ja punainen, XS &#8211; 4XL musta<\/p>\n<table>\n<tbody>\n<tr>\n<td>Koko<\/td>\n<td>Leveys cm*<\/td>\n<td>Pituus cm**<\/td>\n<\/tr>\n<tr>\n<td>XS<\/td>\n<td>51<\/td>\n<td>64<\/td>\n<\/tr>\n<tr>\n<td>S<\/td>\n<td>54<\/td>\n<td>66,5<\/td>\n<\/tr>\n<tr>\n<td>M<\/td>\n<td>57<\/td>\n<td>69<\/td>\n<\/tr>\n<tr>\n<td>L<\/td>\n<td>60<\/td>\n<td>71,5<\/td>\n<\/tr>\n<tr>\n<td>XL<\/td>\n<td>63<\/td>\n<td>74<\/td>\n<\/tr>\n<tr>\n<td>XXL<\/td>\n<td>66<\/td>\n<td>76,5<\/td>\n<\/tr>\n<tr>\n<td>3XL<\/td>\n<td>69<\/td>\n<td>79<\/td>\n<\/tr>\n<tr>\n<td>4XL<\/td>\n<td>72<\/td>\n<td>83,5<\/td>\n<\/tr>\n<tr>\n<td>5XL<\/td>\n<td>75<\/td>\n<td>84<\/td>\n<\/tr>\n<tr>\n<td>Tol+\/-<\/td>\n<td>2<\/td>\n<td>2<\/td>\n<\/tr>\n<\/tbody>\n<\/table>\n<p>* Tuotteen reunasta reunaan hihojen alapuolelta<\/p>\n<p>** Olkap\u00e4\u00e4n korkeimmasta kohdasta tuotteen alareunaan<\/p>\n","protected":false},"excerpt":{"rendered":"<p>&nbsp;<\/p>\n<p><strong>\u00a0<\/strong><\/p>\n","protected":false},"featured_media":5206,"template":"","meta":{"site-sidebar-layout":"no-sidebar","site-content-layout":"boxed-container","ast-site-content-layout":"normal-width-container","site-content-style":"boxed","site-sidebar-style":"boxed","ast-global-header-display":"","ast-banner-title-visibility":"","ast-main-header-display":"","ast-hfb-above-header-display":"","ast-hfb-below-header-display":"","ast-hfb-mobile-header-display":"","site-post-title":"","ast-breadcrumbs-content":"","ast-featured-img":"","footer-sml-layout":"","ast-disable-related-posts":"","theme-transparent-header-meta":"disabled","adv-header-id-meta":"","stick-header-meta":"default","header-above-stick-meta":"","header-main-stick-meta":"","header-below-stick-meta":"","astra-migrate-meta-layouts":"set","ast-page-background-enabled":"default","ast-page-background-meta":{"desktop":{"background-color":"","background-image":"","background-repeat":"repeat","background-position":"center center","background-size":"auto","background-attachment":"scroll","background-type":"","background-media":"","overlay-type":"","overlay-color":"","overlay-opacity":"","overlay-gradient":""},"tablet":{"background-color":"","background-image":"","background-repeat":"repeat","background-position":"center center","background-size":"auto","background-attachment":"scroll","background-type":"","background-media":"","overlay-type":"","overlay-color":"","overlay-opacity":"","overlay-gradient":""},"mobile":{"background-color":"","background-image":"","background-repeat":"repeat","background-position":"center center","background-size":"auto","background-attachment":"scroll","background-type":"","background-media":"","overlay-type":"","overlay-color":"","overlay-opacity":"","overlay-gradient":""}},"ast-content-background-meta":{"desktop":{"background-color":"var(--ast-global-color-5)","background-image":"","background-repeat":"repeat","background-position":"center center","background-size":"auto","background-attachment":"scroll","background-type":"","background-media":"","overlay-type":"","overlay-color":"","overlay-opacity":"","overlay-gradient":""},"tablet":{"background-color":"var(--ast-global-color-5)","background-image":"","background-repeat":"repeat","background-position":"center center","background-size":"auto","background-attachment":"scroll","background-type":"","background-media":"","overlay-type":"","overlay-color":"","overlay-opacity":"","overlay-gradient":""},"mobile":{"background-color":"var(--ast-global-color-5)","background-image":"","background-repeat":"repeat","background-position":"center center","background-size":"auto","background-attachment":"scroll","background-type":"","background-media":"","overlay-type":"","overlay-color":"","overlay-opacity":"","overlay-gradient":""}}},"product_brand":[],"product_cat":[249],"product_tag":[73,231,253],"class_list":{"0":"post-5348","1":"product","2":"type-product","3":"status-publish","4":"has-post-thumbnail","6":"product_cat-vaatteet","7":"product_tag-huppari","8":"product_tag-verkkatakki","9":"product_tag-vetoketjuhuppari","10":"product_shipping_class-ilmainen-toimitus","11":"desktop-align-left","12":"tablet-align-left","13":"mobile-align-left","14":"ast-product-gallery-layout-horizontal","15":"ast-product-single-variable","16":"ast-product-tabs-layout-horizontal","18":"first","19":"instock","20":"featured","21":"taxable","22":"shipping-taxable","23":"purchasable","24":"product-type-variable"},"_links":{"self":[{"href":"https:\/\/mainosmerkki.fi\/elixirphysique\/wp-json\/wp\/v2\/product\/5348","targetHints":{"allow":["GET"]}}],"collection":[{"href":"https:\/\/mainosmerkki.fi\/elixirphysique\/wp-json\/wp\/v2\/product"}],"about":[{"href":"https:\/\/mainosmerkki.fi\/elixirphysique\/wp-json\/wp\/v2\/types\/product"}],"wp:featuredmedia":[{"embeddable":true,"href":"https:\/\/mainosmerkki.fi\/elixirphysique\/wp-json\/wp\/v2\/media\/5206"}],"wp:attachment":[{"href":"https:\/\/mainosmerkki.fi\/elixirphysique\/wp-json\/wp\/v2\/media?parent=5348"}],"wp:term":[{"taxonomy":"product_brand","embeddable":true,"href":"https:\/\/mainosmerkki.fi\/elixirphysique\/wp-json\/wp\/v2\/product_brand?post=5348"},{"taxonomy":"product_cat","embeddable":true,"href":"https:\/\/mainosmerkki.fi\/elixirphysique\/wp-json\/wp\/v2\/product_cat?post=5348"},{"taxonomy":"product_tag","embeddable":true,"href":"https:\/\/mainosmerkki.fi\/elixirphysique\/wp-json\/wp\/v2\/product_tag?post=5348"}],"curies":[{"name":"wp","href":"https:\/\/api.w.org\/{rel}","templated":true}]}}